{"id":96,"date":"2023-02-12T18:18:14","date_gmt":"2023-02-12T18:18:14","guid":{"rendered":"https:\/\/survivant-e-s.lu\/?page_id=96"},"modified":"2026-04-10T10:43:03","modified_gmt":"2026-04-10T08:43:03","slug":"a-propos","status":"publish","type":"page","link":"https:\/\/survivant-e-s.lu\/lb\/a-propos\/","title":{"rendered":"A propos"},"content":{"rendered":"<h4 class=\"wp-block-heading\">WIE SI MIR?<\/h4>\n\n\n\n<p>Eis Associatioun ass am August 2022 gegr\u00ebnnt gin. Mir sin Iwwerliewender vu sexueller, sexistescher, physescher a psychescher Gewalt an och Sympathisanten, d\u00e9i eis Initiativ \u00ebnnerst\u00ebtzen.<\/p>\n\n\n\n<h4 class=\"wp-block-heading\">EIS ASSOCIATIOUN MOBILIS\u00c9IERT SECH FIR:<\/h4>\n\n\n\n<ul class=\"wp-block-list\">\n<li>D\u2019Tabuen ze brieche ronder\u00ebm sexuell, sexistesch, physesch a psychesch Gewalt.<\/li>\n\n\n\n<li>Deenen Affer, d\u00e9i isol\u00e9iert sin, eng Hand ze reechen a si bei Professioneller z\u2019orient\u00e9ieren.<\/li>\n\n\n\n<li>Deenen eng St\u00ebmm ze gin, d\u00e9i keng hun, andeems mir am legislative Prozess an an den Entscheedungsorganer interven\u00e9ieren.<\/li>\n\n\n\n<li>Deel ze huelen u Pr\u00e4ventiounskampagnen.<\/li>\n<\/ul>\n\n\n\n<h4 class=\"wp-block-heading\">EIS REVENDIKATIOUNEN:<\/h4>\n\n\n\n<ul class=\"wp-block-list\">\n<li>D&#8217;Ausschaffe vun eise <a href=\"https:\/\/survivant-e-s.lu\/lb\/2025\/07\/03\/la-voix-des-survivantes-defend-ses-propositions-de-reforme-a-la-chambre-des-deputes\/\">57 Reformpropositioune fir g\u00e9int Gender-bas\u00e9iert Gewalt ze k\u00e4mpfen an hiren Afloss op d&#8217;Kanner d\u00e9i Co-Victimme sin<\/a>.<\/li>\n\n\n\n<li>D\u2019Af\u00e9ierung vun enger onofh\u00e4ngeger Kommissioun iwwer den Inzest an d\u2019Gewalt g\u00e9int d\u2019Kanner, nom Modell vun der CIIVISE am Frankr\u00e4ich, fir eng Bestandsopnam ze maachen iwwer d\u2019Situatioun zu L\u00ebtzebuerg.<\/li>\n\n\n\n<li>D\u2019Verst\u00e4rkung vu Pr\u00e4ventiounsaktiounen an de Schoulen an an de Lycee\u00ebn.<\/li>\n\n\n\n<li>D&#8217;Verst\u00e4erkung vun den Aktioune fir Sensibilis\u00e9ierung op allen Niveaue vun der Gesellschaft.<\/li>\n<\/ul>\n\n\n\n<h4 class=\"wp-block-heading\">EISE COMIT\u00c9:<\/h4>\n\n\n\n<p><strong>Pr\u00e4sidentin<\/strong>: Ana Pinto ;<\/p>\n\n\n\n<p><strong>Vizepr\u00e4sidentin<\/strong>: Marie-laure Rolland ;<\/p>\n\n\n\n<p><strong>Sekret\u00e4rin<\/strong>: Yvette Challe ;<\/p>\n\n\n\n<p><strong>Tr\u00e9sorier<\/strong>: Jailza Dos Santos ;<\/p>\n\n\n\n<p><strong>Aner Member<\/strong>: Annette Michel, St\u00e9phanie Makoumbou.<\/p>","protected":false},"excerpt":{"rendered":"<p>WIE SI MIR? Eis Associatioun ass am August 2022 gegr\u00ebnnt gin. Mir sin Iwwerliewender vu sexueller, sexistescher, physescher a psychescher Gewalt an och Sympathisanten, d\u00e9i eis Initiativ \u00ebnnerst\u00ebtzen. EIS ASSOCIATIOUN MOBILIS\u00c9IERT SECH FIR: EIS REVENDIKATIOUNEN: EISE COMIT\u00c9: Pr\u00e4sidentin: Ana Pinto ; Vizepr\u00e4sidentin: Marie-laure Rolland ; Sekret\u00e4rin: Yvette Challe ; Tr\u00e9sorier: Jailza Dos Santos ; Aner &hellip; <\/p>\n<p class=\"link-more\"><a href=\"https:\/\/survivant-e-s.lu\/lb\/a-propos\/\" class=\"more-link\">M\u00e9i <span class=\"screen-reader-text\">iwwer &#8220;A propos&#8221; <\/span>liesen<\/a><\/p>\n","protected":false},"author":1,"featured_media":84,"parent":0,"menu_order":0,"comment_status":"closed","ping_status":"closed","template":"","meta":{"_exactmetrics_skip_tracking":false,"_exactmetrics_sitenote_active":false,"_exactmetrics_sitenote_note":"","_exactmetrics_sitenote_category":0,"inspiro_hide_title":false,"footnotes":""},"class_list":["post-96","page","type-page","status-publish","has-post-thumbnail","hentry"],"_links":{"self":[{"href":"https:\/\/survivant-e-s.lu\/lb\/wp-json\/wp\/v2\/pages\/96","targetHints":{"allow":["GET"]}}],"collection":[{"href":"https:\/\/survivant-e-s.lu\/lb\/wp-json\/wp\/v2\/pages"}],"about":[{"href":"https:\/\/survivant-e-s.lu\/lb\/wp-json\/wp\/v2\/types\/page"}],"author":[{"embeddable":true,"href":"https:\/\/survivant-e-s.lu\/lb\/wp-json\/wp\/v2\/users\/1"}],"replies":[{"embeddable":true,"href":"https:\/\/survivant-e-s.lu\/lb\/wp-json\/wp\/v2\/comments?post=96"}],"version-history":[{"count":61,"href":"https:\/\/survivant-e-s.lu\/lb\/wp-json\/wp\/v2\/pages\/96\/revisions"}],"predecessor-version":[{"id":1861,"href":"https:\/\/survivant-e-s.lu\/lb\/wp-json\/wp\/v2\/pages\/96\/revisions\/1861"}],"wp:featuredmedia":[{"embeddable":true,"href":"https:\/\/survivant-e-s.lu\/lb\/wp-json\/wp\/v2\/media\/84"}],"wp:attachment":[{"href":"https:\/\/survivant-e-s.lu\/lb\/wp-json\/wp\/v2\/media?parent=96"}],"curies":[{"name":"wp","href":"https:\/\/api.w.org\/{rel}","templated":true}]}}