{"id":9,"date":"2022-12-15T23:02:12","date_gmt":"2022-12-15T23:02:12","guid":{"rendered":"https:\/\/survivant-e-s.lu\/?page_id=9"},"modified":"2024-07-14T01:41:38","modified_gmt":"2024-07-13T23:41:38","slug":"actualites","status":"publish","type":"page","link":"https:\/\/survivant-e-s.lu\/lb\/actualites\/","title":{"rendered":"Aktualit\u00e9iten"},"content":{"rendered":"<h4 class=\"wp-block-heading\">AGENDA<\/h4>\n\n\n\n\n\t<ul  class=\"eo-events eo-events-shortcode\" > \n\n\t\t\n\t\t\t\n\t\t\t<li class=\"eo-event-running eo-all-day\" >\n\t\t\t    <a class=\"eo-lvds-list-anchor\" href=\"https:\/\/survivant-e-s.lu\/lb\/events\/event\/reunion-du-conseil-dadministration-3\/\">\n    \t\t\t        \t\t\t\t<span class=\"eo-lvds-list-text\">\n    \t\t\t\t    <span class=\"eo-lvds-list-title\">R\u00e9union du Conseil d&#8217;administration<\/span> 16 Abr\u00ebll 2026\t\t\t        <\/span>\n\t\t\t    <\/a>\n\t\t\t<\/li>\n\n\t\t\n\t\t\t\n\t\t\t<li class=\"eo-event-future\" >\n\t\t\t    <a class=\"eo-lvds-list-anchor\" href=\"https:\/\/survivant-e-s.lu\/lb\/events\/event\/assemblee-generale-de-lvds\/\">\n    \t\t\t        \t\t\t\t<span class=\"eo-lvds-list-text\">\n    \t\t\t\t    <span class=\"eo-lvds-list-title\">Assembl\u00e9e g\u00e9n\u00e9rale de LVDS<\/span> 23 Abr\u00ebll 2026 18:30\t\t\t        <\/span>\n\t\t\t    <\/a>\n\t\t\t<\/li>\n\n\t\t\n\t\t\t\n\t\t\t<li class=\"eo-event-future eo-multi-day eo-all-day\" >\n\t\t\t    <a class=\"eo-lvds-list-anchor\" href=\"https:\/\/survivant-e-s.lu\/lb\/events\/event\/brisons-le-silence-a-la-gare-de-luxembourg\/\">\n    \t\t\t        \t\t\t\t<span class=\"eo-lvds-list-text\">\n    \t\t\t\t    <span class=\"eo-lvds-list-title\">BRISONS LE SILENCE \u00e0 la gare de Luxembourg<\/span> 1 Mee 2026\t\t\t        <\/span>\n\t\t\t    <\/a>\n\t\t\t<\/li>\n\n\t\t\n\t<\/ul>\n\n\n\n\n\n<p class=\"has-text-align-center\"><a href=\"\/agenda\/\"><strong>Dee ganzen Agenda kucken<\/strong><\/a><\/p>\n\n\n\n<h4 class=\"wp-block-heading\" id=\"communiqu\u00e9s\">COMMUNIQU\u00c9EN<\/h4>\n\n\n<ul class=\"wp-block-latest-posts__list has-dates has-author wp-block-latest-posts\"><li><div class=\"wp-block-latest-posts__featured-image\"><img loading=\"lazy\" decoding=\"async\" width=\"300\" height=\"168\" src=\"https:\/\/survivant-e-s.lu\/wp-content\/uploads\/2025\/04\/AG-2025_comite-300x168.jpg\" class=\"attachment-medium size-medium wp-post-image\" alt=\"\" style=\"\" srcset=\"https:\/\/survivant-e-s.lu\/wp-content\/uploads\/2025\/04\/AG-2025_comite-300x168.jpg 300w, https:\/\/survivant-e-s.lu\/wp-content\/uploads\/2025\/04\/AG-2025_comite-1024x575.jpg 1024w, https:\/\/survivant-e-s.lu\/wp-content\/uploads\/2025\/04\/AG-2025_comite-2000x1123.jpg 2000w\" sizes=\"auto, 100vw\" \/><\/div><a class=\"wp-block-latest-posts__post-title\" href=\"https:\/\/survivant-e-s.lu\/lb\/2026\/03\/26\/invitation-a-lassemblee-generale-de-lvds\/\">Invitation \u00e0 l&#8217;assembl\u00e9e g\u00e9n\u00e9rale de LVDS<\/a><div class=\"wp-block-latest-posts__post-author\">vum LVDS<\/div><time datetime=\"%2\" class=\"wp-block-latest-posts__post-date\">26.03.26<\/time><div class=\"wp-block-latest-posts__post-excerpt\">La Voix des Survivant(e)s asbl a le plaisir de vous inviter \u00e0 son Assembl\u00e9e g\u00e9n\u00e9rale ordinaire le jeudi 23 avril 2026 \u00e0 18.30 heures au restaurant \u00abBeim M\u00e9chel\u00bb , 1 rue Jean Majerus \u00e0 Mersch. &hellip; <p class=\"link-more\"><a href=\"https:\/\/survivant-e-s.lu\/lb\/2026\/03\/26\/invitation-a-lassemblee-generale-de-lvds\/\" class=\"more-link\">M\u00e9i <span class=\"screen-reader-text\">iwwer &#8220;Invitation \u00e0 l&#8217;assembl\u00e9e g\u00e9n\u00e9rale de LVDS&#8221; <\/span>liesen<\/a><\/p><\/div><\/li>\n<\/ul>\n\n\n<p class=\"has-text-align-center\"><a href=\"https:\/\/survivant-e-s.lu\/cat\/communiques\/\" data-type=\"category\" data-id=\"5\"><strong>All Communiqu\u00e9\u00eb kucken<\/strong><\/a><\/p>\n\n\n\n<h4 class=\"wp-block-heading\">PRESSEREVUE<\/h4>\n\n\n\n<p class=\"has-text-align-center\"><a href=\"https:\/\/survivant-e-s.lu\/francais-revue-de-presse\/\" data-type=\"page\" data-id=\"440\"><strong>D\u2019Presserevue kucken<\/strong><\/a><\/p>","protected":false},"excerpt":{"rendered":"<p>AGENDA Dee ganzen Agenda kucken COMMUNIQU\u00c9EN All Communiqu\u00e9\u00eb kucken PRESSEREVUE D\u2019Presserevue kucken<\/p>\n","protected":false},"author":1,"featured_media":384,"parent":0,"menu_order":0,"comment_status":"closed","ping_status":"closed","template":"","meta":{"_exactmetrics_skip_tracking":false,"_exactmetrics_sitenote_active":false,"_exactmetrics_sitenote_note":"","_exactmetrics_sitenote_category":0,"inspiro_hide_title":false,"footnotes":""},"class_list":["post-9","page","type-page","status-publish","has-post-thumbnail","hentry"],"_links":{"self":[{"href":"https:\/\/survivant-e-s.lu\/lb\/wp-json\/wp\/v2\/pages\/9","targetHints":{"allow":["GET"]}}],"collection":[{"href":"https:\/\/survivant-e-s.lu\/lb\/wp-json\/wp\/v2\/pages"}],"about":[{"href":"https:\/\/survivant-e-s.lu\/lb\/wp-json\/wp\/v2\/types\/page"}],"author":[{"embeddable":true,"href":"https:\/\/survivant-e-s.lu\/lb\/wp-json\/wp\/v2\/users\/1"}],"replies":[{"embeddable":true,"href":"https:\/\/survivant-e-s.lu\/lb\/wp-json\/wp\/v2\/comments?post=9"}],"version-history":[{"count":42,"href":"https:\/\/survivant-e-s.lu\/lb\/wp-json\/wp\/v2\/pages\/9\/revisions"}],"predecessor-version":[{"id":1114,"href":"https:\/\/survivant-e-s.lu\/lb\/wp-json\/wp\/v2\/pages\/9\/revisions\/1114"}],"wp:featuredmedia":[{"embeddable":true,"href":"https:\/\/survivant-e-s.lu\/lb\/wp-json\/wp\/v2\/media\/384"}],"wp:attachment":[{"href":"https:\/\/survivant-e-s.lu\/lb\/wp-json\/wp\/v2\/media?parent=9"}],"curies":[{"name":"wp","href":"https:\/\/api.w.org\/{rel}","templated":true}]}}