{"id":34,"date":"2022-12-20T07:53:40","date_gmt":"2022-12-20T07:53:40","guid":{"rendered":"https:\/\/survivant-e-s.lu\/?page_id=34"},"modified":"2025-07-28T12:01:32","modified_gmt":"2025-07-28T10:01:32","slug":"informations","status":"publish","type":"page","link":"https:\/\/survivant-e-s.lu\/lb\/informations\/","title":{"rendered":"N\u00cbTZLECH INFOEN"},"content":{"rendered":"Hei sinn eng Rei Informatiounen, d\u00e9i iech k\u00ebnnen h\u00ebllefen am Fall vun enger Urgence oder iert dir mat eis Kontakt ophuelt.\n<h4><\/h4>\n<h4>AM NOUTFALL<\/h4>\n<a href=\"https:\/\/112.public.lu\/\" target=\"_blank\" rel=\"noopener\">Medizinesch Urgencen<\/a> : <strong>112<\/strong>\n\n<a href=\"https:\/\/umedo.lu\" target=\"_blank\" rel=\"noopener\">UMEDO<\/a> (Unit\u00e9 M\u00c9dico-l\u00e9gale de DOcumentation des violences) Medezinesch-legalen Service fir Beweiser vu Gewalt festzestellen :<strong> 621858080<\/strong>\n\n<a href=\"https:\/\/police.public.lu\/fr\/aide-aux-victimes.html\" target=\"_blank\" rel=\"noopener\">Police<\/a>\u00a0: <strong>113<\/strong>\n\n<a href=\"https:\/\/www.helpline-violence.lu\" target=\"_blank\" rel=\"noopener\">Helpline Gewalt<\/a> : <strong>2060 1060<\/strong> (7 Deeg op 7 vun 12h bis 20 Auer)\n\n<a href=\"https:\/\/454545.lu\" target=\"_blank\" rel=\"noopener\">SOS D\u00e9tresse<\/a> :<strong> 45 45 45<\/strong>\n<h4><\/h4>\n<h4>SPEZIALIS\u00c9IERT SERVICER<\/h4>\n<a href=\"https:\/\/fed.lu\/wp\/\" target=\"_blank\" rel=\"noopener\">Femmes en d\u00e9tresse<\/a> : <strong>49 08 77-1<\/strong>\n\n<a href=\"https:\/\/www.alupse.lu\/fr\/lassociation-alupse\/\" target=\"_blank\" rel=\"noopener\">Alupse<\/a>, Associatioun H\u00ebllef fir Kanner : <strong>26 18 48 1<\/strong>\n\n<a href=\"http:\/\/www.infomann.lu\/index.php\/infomann-home\" target=\"_blank\" rel=\"noopener\">InfoMann<\/a>\u00a0:\u00a0<strong>274 965<\/strong>\n<h4><\/h4>\n<h4>FIR M\u00c9I ZE WESSEN IWWER D\u00c9I VERSCHIDDE GEWALTARTEN<\/h4>\nInformatioune sin disponibel op dem Site <a href=\"https:\/\/violence.lu\" target=\"_blank\" rel=\"noopener\"><strong>violence.lu.<\/strong><\/a>","protected":false},"excerpt":{"rendered":"<p>Hei sinn eng Rei Informatiounen, d\u00e9i iech k\u00ebnnen h\u00ebllefen am Fall vun enger Urgence oder iert dir mat eis Kontakt ophuelt. AM NOUTFALL Medizinesch Urgencen : 112 UMEDO (Unit\u00e9 M\u00c9dico-l\u00e9gale de DOcumentation des violences) Medezinesch-legalen Service fir Beweiser vu Gewalt festzestellen : 621858080 Police\u00a0: 113 Helpline Gewalt : 2060 1060 (7 Deeg op 7 vun &hellip; <\/p>\n<p class=\"link-more\"><a href=\"https:\/\/survivant-e-s.lu\/lb\/informations\/\" class=\"more-link\">M\u00e9i <span class=\"screen-reader-text\">iwwer &#8220;N\u00cbTZLECH INFOEN&#8221; <\/span>liesen<\/a><\/p>\n","protected":false},"author":1,"featured_media":371,"parent":0,"menu_order":0,"comment_status":"closed","ping_status":"closed","template":"","meta":{"_exactmetrics_skip_tracking":false,"_exactmetrics_sitenote_active":false,"_exactmetrics_sitenote_note":"","_exactmetrics_sitenote_category":0,"inspiro_hide_title":false,"footnotes":""},"class_list":["post-34","page","type-page","status-publish","has-post-thumbnail","hentry"],"_links":{"self":[{"href":"https:\/\/survivant-e-s.lu\/lb\/wp-json\/wp\/v2\/pages\/34","targetHints":{"allow":["GET"]}}],"collection":[{"href":"https:\/\/survivant-e-s.lu\/lb\/wp-json\/wp\/v2\/pages"}],"about":[{"href":"https:\/\/survivant-e-s.lu\/lb\/wp-json\/wp\/v2\/types\/page"}],"author":[{"embeddable":true,"href":"https:\/\/survivant-e-s.lu\/lb\/wp-json\/wp\/v2\/users\/1"}],"replies":[{"embeddable":true,"href":"https:\/\/survivant-e-s.lu\/lb\/wp-json\/wp\/v2\/comments?post=34"}],"version-history":[{"count":103,"href":"https:\/\/survivant-e-s.lu\/lb\/wp-json\/wp\/v2\/pages\/34\/revisions"}],"predecessor-version":[{"id":1689,"href":"https:\/\/survivant-e-s.lu\/lb\/wp-json\/wp\/v2\/pages\/34\/revisions\/1689"}],"wp:featuredmedia":[{"embeddable":true,"href":"https:\/\/survivant-e-s.lu\/lb\/wp-json\/wp\/v2\/media\/371"}],"wp:attachment":[{"href":"https:\/\/survivant-e-s.lu\/lb\/wp-json\/wp\/v2\/media?parent=34"}],"curies":[{"name":"wp","href":"https:\/\/api.w.org\/{rel}","templated":true}]}}