{"id":93,"date":"2023-02-12T17:26:03","date_gmt":"2023-02-12T17:26:03","guid":{"rendered":"https:\/\/survivant-e-s.lu\/?page_id=93"},"modified":"2023-03-05T17:30:02","modified_gmt":"2023-03-05T17:30:02","slug":"mentions-legales","status":"publish","type":"page","link":"https:\/\/survivant-e-s.lu\/fr\/mentions-legales\/","title":{"rendered":"Mentions l\u00e9gales et confidentialit\u00e9"},"content":{"rendered":"<p>Le site internet <a class=\"\" href=\"http:\/\/survivant-e-s.lu\">survivant-e-s.lu<\/a> est g\u00e9r\u00e9 par l\u2019association La Voix des Survivant(e)s, Association sans but lucratif d\u00e9clar\u00e9e aupr\u00e8s du Registre de Commerce et des Soci\u00e9t\u00e9s (Luxembourg Business Register &#8211; LBR) sous le num\u00e9ro F13657 dont le si\u00e8ge social est situ\u00e9 35, rue de l\u2019\u00e9cole agricole, L-9016 Ettelbruck (Luxembourg) et repr\u00e9sent\u00e9e par Ana Pinto, Pr\u00e9sidente.<\/p>\n\n\n\n<p>Le site est h\u00e9berg\u00e9 sur la plate-forme <a class=\"\" href=\"http:\/\/ovh.com\">ovh.com<\/a><\/p>\n\n\n\n<p><strong>Clause de confidentialit\u00e9<\/strong><\/p>\n\n\n\n<p>Les donn\u00e9es \u00e0 caract\u00e8re personnel que vous nous fournissez, par exemple pour recevoir des newsletters ou dans le cadre de nos \u00e9changes, ne sont c\u00e9d\u00e9es \u00e0 aucune soci\u00e9t\u00e9 commerciale ou autre organisation, que ce soit luxembourgeoise ou \u00e9trang\u00e8re.&nbsp;<\/p>\n\n\n\n<p>Conform\u00e9ment \u00e0 la r\u00e8glementation europ\u00e9enne relative \u00e0 la protection des personnes (RGPD 2016\/679) \u00e0 l\u2019\u00e9gard du traitement des donn\u00e9es \u00e0 caract\u00e8re personnel, vous disposez du droit d\u2019acc\u00e8s, de rectification et d\u2019opposition de ces donn\u00e9es.<\/p>","protected":false},"excerpt":{"rendered":"<p>Le site internet survivant-e-s.lu est g\u00e9r\u00e9 par l\u2019association La Voix des Survivant(e)s, Association sans but lucratif d\u00e9clar\u00e9e aupr\u00e8s du Registre de Commerce et des Soci\u00e9t\u00e9s (Luxembourg Business Register &#8211; LBR) sous le num\u00e9ro F13657 dont le si\u00e8ge social est situ\u00e9 35, rue de l\u2019\u00e9cole agricole, L-9016 Ettelbruck (Luxembourg) et repr\u00e9sent\u00e9e par Ana Pinto, Pr\u00e9sidente. Le &hellip; <\/p>\n<p class=\"link-more\"><a href=\"https:\/\/survivant-e-s.lu\/fr\/mentions-legales\/\" class=\"more-link\">Lire la suite de<span class=\"screen-reader-text\">\u00ab\u00a0Mentions l\u00e9gales et confidentialit\u00e9\u00a0\u00bb<\/span><\/a><\/p>\n","protected":false},"author":1,"featured_media":0,"parent":0,"menu_order":0,"comment_status":"closed","ping_status":"closed","template":"","meta":{"_exactmetrics_skip_tracking":false,"_exactmetrics_sitenote_active":false,"_exactmetrics_sitenote_note":"","_exactmetrics_sitenote_category":0,"inspiro_hide_title":false,"footnotes":""},"class_list":["post-93","page","type-page","status-publish","hentry"],"_links":{"self":[{"href":"https:\/\/survivant-e-s.lu\/fr\/wp-json\/wp\/v2\/pages\/93","targetHints":{"allow":["GET"]}}],"collection":[{"href":"https:\/\/survivant-e-s.lu\/fr\/wp-json\/wp\/v2\/pages"}],"about":[{"href":"https:\/\/survivant-e-s.lu\/fr\/wp-json\/wp\/v2\/types\/page"}],"author":[{"embeddable":true,"href":"https:\/\/survivant-e-s.lu\/fr\/wp-json\/wp\/v2\/users\/1"}],"replies":[{"embeddable":true,"href":"https:\/\/survivant-e-s.lu\/fr\/wp-json\/wp\/v2\/comments?post=93"}],"version-history":[{"count":3,"href":"https:\/\/survivant-e-s.lu\/fr\/wp-json\/wp\/v2\/pages\/93\/revisions"}],"predecessor-version":[{"id":217,"href":"https:\/\/survivant-e-s.lu\/fr\/wp-json\/wp\/v2\/pages\/93\/revisions\/217"}],"wp:attachment":[{"href":"https:\/\/survivant-e-s.lu\/fr\/wp-json\/wp\/v2\/media?parent=93"}],"curies":[{"name":"wp","href":"https:\/\/api.w.org\/{rel}","templated":true}]}}