{"id":7,"date":"2022-12-15T23:01:48","date_gmt":"2022-12-15T23:01:48","guid":{"rendered":"https:\/\/survivant-e-s.lu\/?page_id=7"},"modified":"2026-04-10T11:16:38","modified_gmt":"2026-04-10T09:16:38","slug":"francais-accueil","status":"publish","type":"page","link":"https:\/\/survivant-e-s.lu\/fr\/","title":{"rendered":"ENSEMBLE BRISONS LE SILENCE AUTOUR DES VIOLENCES !"},"content":{"rendered":"<h4 class=\"wp-block-heading\">QUI SOMMES-NOUS ?<\/h4>\n\n\n\n<p>L\u2019association a \u00e9t\u00e9 cr\u00e9\u00e9e en ao\u00fbt 2022.<br>Elle r\u00e9unit des survivant(e)s de violences sexuelles, sexistes, physiques ou psychiques, ainsi que des membres sympathisants qui soutiennent notre cause. <\/p>\n\n\n\n<h4 class=\"wp-block-heading\">NOTRE ASSOCIATION SE MOBILISE POUR&nbsp;:<\/h4>\n\n\n\n<ul class=\"wp-block-list\">\n<li>briser les tabous autour des violences sexuelles, sexistes, physiques et psychiques;<\/li>\n\n\n\n<li>tendre une main aux victimes isol\u00e9es et les orienter vers des structures professionnelles;<\/li>\n\n\n\n<li>donner une voix \u00e0 celle et ceux qui n\u2019en ont pas en intervenant dans le processus l\u00e9gislatif et les organes de d\u00e9cision;<\/li>\n\n\n\n<li>participer \u00e0 des actions de pr\u00e9vention.<\/li>\n<\/ul>\n\n\n\n<p class=\"has-text-align-center\"><a href=\"\/a-propos\/\" data-type=\"page\" data-id=\"96\"><strong>En savoir plus<\/strong><\/a><\/p>\n\n\n\n<h4 class=\"wp-block-heading\">ACTUALIT\u00c9<\/h4>\n\n\n<ul class=\"wp-block-latest-posts__list has-dates has-author wp-block-latest-posts\"><li><div class=\"wp-block-latest-posts__featured-image\"><img loading=\"lazy\" decoding=\"async\" width=\"300\" height=\"168\" src=\"https:\/\/survivant-e-s.lu\/wp-content\/uploads\/2025\/04\/AG-2025_comite-300x168.jpg\" class=\"attachment-medium size-medium wp-post-image\" alt=\"\" style=\"\" srcset=\"https:\/\/survivant-e-s.lu\/wp-content\/uploads\/2025\/04\/AG-2025_comite-300x168.jpg 300w, https:\/\/survivant-e-s.lu\/wp-content\/uploads\/2025\/04\/AG-2025_comite-1024x575.jpg 1024w, https:\/\/survivant-e-s.lu\/wp-content\/uploads\/2025\/04\/AG-2025_comite-2000x1123.jpg 2000w\" sizes=\"auto, 100vw\" \/><\/div><a class=\"wp-block-latest-posts__post-title\" href=\"https:\/\/survivant-e-s.lu\/fr\/2026\/03\/26\/invitation-a-lassemblee-generale-de-lvds\/\">Invitation \u00e0 l&rsquo;assembl\u00e9e g\u00e9n\u00e9rale de LVDS<\/a><div class=\"wp-block-latest-posts__post-author\">par LVDS<\/div><time datetime=\"%2\" class=\"wp-block-latest-posts__post-date\">jeudi 26 mars 2026<\/time><div class=\"wp-block-latest-posts__post-excerpt\">La Voix des Survivant(e)s asbl a le plaisir de vous inviter \u00e0 son Assembl\u00e9e g\u00e9n\u00e9rale ordinaire le jeudi 23 avril 2026 \u00e0 18.30 heures au restaurant \u00abBeim M\u00e9chel\u00bb , 1 rue Jean Majerus \u00e0 Mersch. &hellip; <p class=\"link-more\"><a href=\"https:\/\/survivant-e-s.lu\/fr\/2026\/03\/26\/invitation-a-lassemblee-generale-de-lvds\/\" class=\"more-link\">Lire la suite de<span class=\"screen-reader-text\">\u00ab\u00a0Invitation \u00e0 l&rsquo;assembl\u00e9e g\u00e9n\u00e9rale de LVDS\u00a0\u00bb<\/span><\/a><\/p><\/div><\/li>\n<li><div class=\"wp-block-latest-posts__featured-image\"><img loading=\"lazy\" decoding=\"async\" width=\"293\" height=\"300\" src=\"https:\/\/survivant-e-s.lu\/wp-content\/uploads\/2026\/02\/image-e1770657970824-293x300.png\" class=\"attachment-medium size-medium wp-post-image\" alt=\"\" style=\"\" srcset=\"https:\/\/survivant-e-s.lu\/wp-content\/uploads\/2026\/02\/image-e1770657970824-293x300.png 293w, https:\/\/survivant-e-s.lu\/wp-content\/uploads\/2026\/02\/image-e1770657970824-768x786.png 768w, https:\/\/survivant-e-s.lu\/wp-content\/uploads\/2026\/02\/image-e1770657970824.png 960w\" sizes=\"auto, 100vw\" \/><\/div><a class=\"wp-block-latest-posts__post-title\" href=\"https:\/\/survivant-e-s.lu\/fr\/2026\/02\/09\/des-roses-pour-faire-entendre-la-voix-des-survivantes\/\">Des roses pour faire entendre La Voix des Survivant(e)s<\/a><div class=\"wp-block-latest-posts__post-author\">par LVDS<\/div><time datetime=\"%2\" class=\"wp-block-latest-posts__post-date\">lundi  9 f\u00e9vrier 2026<\/time><div class=\"wp-block-latest-posts__post-excerpt\">Le Rotary Club Luxembourg-Schuman se mobilise au profit de notre association avec son initiative solidaire Action Roses ! Cette ann\u00e9e, les fonds r\u00e9colt\u00e9s financeront l\u2019\u00e9dition d\u2019une bande dessin\u00e9e engag\u00e9e, cr\u00e9\u00e9e pour les 5 ans de &hellip; <p class=\"link-more\"><a href=\"https:\/\/survivant-e-s.lu\/fr\/2026\/02\/09\/des-roses-pour-faire-entendre-la-voix-des-survivantes\/\" class=\"more-link\">Lire la suite de<span class=\"screen-reader-text\">\u00ab\u00a0Des roses pour faire entendre La Voix des Survivant(e)s\u00a0\u00bb<\/span><\/a><\/p><\/div><\/li>\n<li><div class=\"wp-block-latest-posts__featured-image\"><img loading=\"lazy\" decoding=\"async\" width=\"300\" height=\"200\" src=\"https:\/\/survivant-e-s.lu\/wp-content\/uploads\/2025\/11\/ChristelPetitcollin-portrait-largeur-300x200.jpg\" class=\"attachment-medium size-medium wp-post-image\" alt=\"\" style=\"\" srcset=\"https:\/\/survivant-e-s.lu\/wp-content\/uploads\/2025\/11\/ChristelPetitcollin-portrait-largeur-300x200.jpg 300w, https:\/\/survivant-e-s.lu\/wp-content\/uploads\/2025\/11\/ChristelPetitcollin-portrait-largeur-1024x683.jpg 1024w, https:\/\/survivant-e-s.lu\/wp-content\/uploads\/2025\/11\/ChristelPetitcollin-portrait-largeur.jpg 1920w\" sizes=\"auto, 100vw\" \/><\/div><a class=\"wp-block-latest-posts__post-title\" href=\"https:\/\/survivant-e-s.lu\/fr\/2025\/11\/12\/lvds-se-mobilise-pendant-lorange-week-2025\/\">LVDS se mobilise pendant l&rsquo;ORANGE WEEK 2025<\/a><div class=\"wp-block-latest-posts__post-author\">par LVDS<\/div><time datetime=\"%2\" class=\"wp-block-latest-posts__post-date\">mercredi 12 novembre 2025<\/time><div class=\"wp-block-latest-posts__post-excerpt\">A c\u00f4t\u00e9 de la grande Marche Orange de solidarit\u00e9 pour les victimes de violence, le samedi 22 novembre, l&rsquo;association La Voix des Survivant(e)s vous propose de nombreuses occasions de rencontres et d&rsquo;\u00e9changes durant les journ\u00e9es &hellip; <p class=\"link-more\"><a href=\"https:\/\/survivant-e-s.lu\/fr\/2025\/11\/12\/lvds-se-mobilise-pendant-lorange-week-2025\/\" class=\"more-link\">Lire la suite de<span class=\"screen-reader-text\">\u00ab\u00a0LVDS se mobilise pendant l&rsquo;ORANGE WEEK 2025\u00a0\u00bb<\/span><\/a><\/p><\/div><\/li>\n<li><div class=\"wp-block-latest-posts__featured-image\"><img loading=\"lazy\" decoding=\"async\" width=\"300\" height=\"172\" src=\"https:\/\/survivant-e-s.lu\/wp-content\/uploads\/2024\/02\/36EF74D3-FC3A-4D3C-9978-748B7BE81726-300x172.jpeg\" class=\"attachment-medium size-medium wp-post-image\" alt=\"\" style=\"\" srcset=\"https:\/\/survivant-e-s.lu\/wp-content\/uploads\/2024\/02\/36EF74D3-FC3A-4D3C-9978-748B7BE81726-300x172.jpeg 300w, https:\/\/survivant-e-s.lu\/wp-content\/uploads\/2024\/02\/36EF74D3-FC3A-4D3C-9978-748B7BE81726-1024x587.jpeg 1024w, https:\/\/survivant-e-s.lu\/wp-content\/uploads\/2024\/02\/36EF74D3-FC3A-4D3C-9978-748B7BE81726.jpeg 1470w\" sizes=\"auto, 100vw\" \/><\/div><a class=\"wp-block-latest-posts__post-title\" href=\"https:\/\/survivant-e-s.lu\/fr\/2025\/10\/13\/limpunite-des-auteurs-de-violences-et-le-manque-de-protection-des-victimes-restent-dactualite\/\">L&rsquo;impunit\u00e9 des auteurs de violences et le manque de protection des victimes restent d\u2019actualit\u00e9<\/a><div class=\"wp-block-latest-posts__post-author\">par LVDS<\/div><time datetime=\"%2\" class=\"wp-block-latest-posts__post-date\">lundi 13 octobre 2025<\/time><div class=\"wp-block-latest-posts__post-excerpt\">Suite \u00e0 son intervention publique \u00e0 la Chambre des d\u00e9put\u00e9s le 2 juillet dernier, la Voix des Survivant(e)s veut alerter les pouvoirs publics\u00a0sur deux jugements probl\u00e9matiques suppl\u00e9mentaires r\u00e9cemment rendus au Luxembourg, qui ont fait l\u2019objet &hellip; <p class=\"link-more\"><a href=\"https:\/\/survivant-e-s.lu\/fr\/2025\/10\/13\/limpunite-des-auteurs-de-violences-et-le-manque-de-protection-des-victimes-restent-dactualite\/\" class=\"more-link\">Lire la suite de<span class=\"screen-reader-text\">\u00ab\u00a0L&rsquo;impunit\u00e9 des auteurs de violences et le manque de protection des victimes restent d\u2019actualit\u00e9\u00a0\u00bb<\/span><\/a><\/p><\/div><\/li>\n<li><div class=\"wp-block-latest-posts__featured-image\"><img loading=\"lazy\" decoding=\"async\" width=\"300\" height=\"249\" src=\"https:\/\/survivant-e-s.lu\/wp-content\/uploads\/2025\/09\/IMG_9536-300x249.jpeg\" class=\"attachment-medium size-medium wp-post-image\" alt=\"\" style=\"\" srcset=\"https:\/\/survivant-e-s.lu\/wp-content\/uploads\/2025\/09\/IMG_9536-300x249.jpeg 300w, https:\/\/survivant-e-s.lu\/wp-content\/uploads\/2025\/09\/IMG_9536-1024x850.jpeg 1024w, https:\/\/survivant-e-s.lu\/wp-content\/uploads\/2025\/09\/IMG_9536-2000x1659.jpeg 2000w\" sizes=\"auto, 100vw\" \/><\/div><a class=\"wp-block-latest-posts__post-title\" href=\"https:\/\/survivant-e-s.lu\/fr\/2025\/09\/10\/lvds-contre-la-victimisation-secondaire-des-victimes-de-violences-sexuelles-physiques-et-psychiques\/\">LVDS s&rsquo;engage contre la victimisation secondaire<\/a><div class=\"wp-block-latest-posts__post-author\">par LVDS<\/div><time datetime=\"%2\" class=\"wp-block-latest-posts__post-date\">mercredi 10 septembre 2025<\/time><div class=\"wp-block-latest-posts__post-excerpt\">L\u2019association La Voix des Survivant(e)s \u00e9tait pr\u00e9sente, mercredi 10 septembre 2025, aux c\u00f4t\u00e9s de Maria S. au Tribunal de Luxembourg o\u00f9 elle a \u00e9t\u00e9 entendue en visioconf\u00e9rence par un juge slov\u00e8ne. C\u2019est la premi\u00e8re fois &hellip; <p class=\"link-more\"><a href=\"https:\/\/survivant-e-s.lu\/fr\/2025\/09\/10\/lvds-contre-la-victimisation-secondaire-des-victimes-de-violences-sexuelles-physiques-et-psychiques\/\" class=\"more-link\">Lire la suite de<span class=\"screen-reader-text\">\u00ab\u00a0LVDS s&rsquo;engage contre la victimisation secondaire\u00a0\u00bb<\/span><\/a><\/p><\/div><\/li>\n<\/ul>\n\n\n<p class=\"has-text-align-center\"><a href=\"https:\/\/survivant-e-s.lu\/cat\/communiques\/\" data-type=\"page\" data-id=\"9\"><strong>Voir tous les communiqu\u00e9s<\/strong><\/a><\/p>\n\n\n\n<h4 class=\"wp-block-heading\">AGENDA<\/h4>\n\n\n\n\n\t<ul  class=\"eo-events eo-events-shortcode\" > \n\n\t\t\n\t\t\t\n\t\t\t<li class=\"eo-event-future eo-all-day\" >\n\t\t\t    <a class=\"eo-lvds-list-anchor\" href=\"https:\/\/survivant-e-s.lu\/fr\/events\/event\/reunion-du-conseil-dadministration-3\/\">\n    \t\t\t        \t\t\t\t<span class=\"eo-lvds-list-text\">\n    \t\t\t\t    <span class=\"eo-lvds-list-title\">R\u00e9union du Conseil d&rsquo;administration<\/span> 16 avril 2026\t\t\t        <\/span>\n\t\t\t    <\/a>\n\t\t\t<\/li>\n\n\t\t\n\t<\/ul>\n\n\n\n\n\n<p class=\"has-text-align-center\"><a href=\"\/agenda\/\" data-type=\"page\" data-id=\"42\"><strong>Voir tout l&rsquo;agenda<\/strong><\/a><\/p>\n\n\n\n<h4 class=\"wp-block-heading\">REVUE DE PRESSE<\/h4>\n\n\n\n<p class=\"has-text-align-center\"><a href=\"https:\/\/survivant-e-s.lu\/francais-revue-de-presse\/\" data-type=\"page\" data-id=\"440\"><strong>Voir la revue de presse<\/strong><\/a><\/p>","protected":false},"excerpt":{"rendered":"<p>QUI SOMMES-NOUS ? L\u2019association a \u00e9t\u00e9 cr\u00e9\u00e9e en ao\u00fbt 2022.Elle r\u00e9unit des survivant(e)s de violences sexuelles, sexistes, physiques ou psychiques, ainsi que des membres sympathisants qui soutiennent notre cause. NOTRE ASSOCIATION SE MOBILISE POUR&nbsp;: En savoir plus ACTUALIT\u00c9 Voir tous les communiqu\u00e9s AGENDA Voir tout l&rsquo;agenda REVUE DE PRESSE Voir la revue de presse<\/p>\n","protected":false},"author":1,"featured_media":281,"parent":0,"menu_order":0,"comment_status":"closed","ping_status":"closed","template":"","meta":{"_exactmetrics_skip_tracking":false,"_exactmetrics_sitenote_active":false,"_exactmetrics_sitenote_note":"","_exactmetrics_sitenote_category":0,"inspiro_hide_title":false,"footnotes":""},"class_list":["post-7","page","type-page","status-publish","has-post-thumbnail","hentry"],"_links":{"self":[{"href":"https:\/\/survivant-e-s.lu\/fr\/wp-json\/wp\/v2\/pages\/7","targetHints":{"allow":["GET"]}}],"collection":[{"href":"https:\/\/survivant-e-s.lu\/fr\/wp-json\/wp\/v2\/pages"}],"about":[{"href":"https:\/\/survivant-e-s.lu\/fr\/wp-json\/wp\/v2\/types\/page"}],"author":[{"embeddable":true,"href":"https:\/\/survivant-e-s.lu\/fr\/wp-json\/wp\/v2\/users\/1"}],"replies":[{"embeddable":true,"href":"https:\/\/survivant-e-s.lu\/fr\/wp-json\/wp\/v2\/comments?post=7"}],"version-history":[{"count":68,"href":"https:\/\/survivant-e-s.lu\/fr\/wp-json\/wp\/v2\/pages\/7\/revisions"}],"predecessor-version":[{"id":1869,"href":"https:\/\/survivant-e-s.lu\/fr\/wp-json\/wp\/v2\/pages\/7\/revisions\/1869"}],"wp:featuredmedia":[{"embeddable":true,"href":"https:\/\/survivant-e-s.lu\/fr\/wp-json\/wp\/v2\/media\/281"}],"wp:attachment":[{"href":"https:\/\/survivant-e-s.lu\/fr\/wp-json\/wp\/v2\/media?parent=7"}],"curies":[{"name":"wp","href":"https:\/\/api.w.org\/{rel}","templated":true}]}}