{"id":653,"date":"2023-10-16T20:29:50","date_gmt":"2023-10-16T18:29:50","guid":{"rendered":"https:\/\/survivant-e-s.lu\/?page_id=653"},"modified":"2026-03-09T10:05:18","modified_gmt":"2026-03-09T09:05:18","slug":"temoignages","status":"publish","type":"page","link":"https:\/\/survivant-e-s.lu\/fr\/temoignages\/","title":{"rendered":"T\u00e9moignages"},"content":{"rendered":"<p class=\"has-medium-font-size\"><strong>Campagne I&rsquo;M POSSIBLE<\/strong> :<strong> D\u00e9couvrez les t\u00e9moignages de survivantes et survivants<\/strong> <strong>de violence<\/strong><\/p>\n\n\n\n<p><\/p>\n\n\n\n<p class=\"has-medium-font-size\"><\/p>\n\n\n\n<p><\/p>\n\n\n\n<p><strong>Le t\u00e9moignage d&rsquo;Ana, survivante de violence domestique<\/strong><\/p>\n\n\n\n<figure class=\"wp-block-embed is-type-video is-provider-youtube wp-block-embed-youtube wp-embed-aspect-4-3 wp-has-aspect-ratio\"><div class=\"wp-block-embed__wrapper\">\n<iframe loading=\"lazy\" title=\"I&#039;M POSSIBLE @ LA VOIX DES SURVIVANT(E)S_ANA\" width=\"950\" height=\"713\" src=\"https:\/\/www.youtube.com\/embed\/3V4XQ_tln7o?feature=oembed\" frameborder=\"0\" allow=\"accelerometer; autoplay; clipboard-write; encrypted-media; gyroscope; picture-in-picture; web-share\" referrerpolicy=\"strict-origin-when-cross-origin\" allowfullscreen><\/iframe>\n<\/div><\/figure>\n\n\n\n<p><\/p>\n\n\n<p><strong>Le t\u00e9moignage de Liv, survivante de viol<\/strong><\/p>\n<\/p>\n\n\n<figure class=\"wp-block-embed is-type-video is-provider-youtube wp-block-embed-youtube wp-embed-aspect-4-3 wp-has-aspect-ratio\"><div class=\"wp-block-embed__wrapper\">\n<iframe loading=\"lazy\" title=\"I&#039;M POSSIBLE @ LA VOIX DES SURVIVANT(E)S_LIV\" width=\"950\" height=\"713\" src=\"https:\/\/www.youtube.com\/embed\/NYEluxP-HK8?feature=oembed\" frameborder=\"0\" allow=\"accelerometer; autoplay; clipboard-write; encrypted-media; gyroscope; picture-in-picture; web-share\" referrerpolicy=\"strict-origin-when-cross-origin\" allowfullscreen><\/iframe>\n<\/div><\/figure>\n\n\n\n<p><\/p>\n\n\n<p><strong>Le t\u00e9moignage de Mary, survivante d&rsquo;inceste<\/strong><\/p>\n<\/p>\n\n\n<figure class=\"wp-block-embed is-type-video is-provider-youtube wp-block-embed-youtube wp-embed-aspect-4-3 wp-has-aspect-ratio\"><div class=\"wp-block-embed__wrapper\">\n<iframe loading=\"lazy\" title=\"I&#039;M POSSIBLE @ LA VOIX DES SURVIVANT(E)S_MARY\" width=\"950\" height=\"713\" src=\"https:\/\/www.youtube.com\/embed\/Md4gkET-n7U?feature=oembed\" frameborder=\"0\" allow=\"accelerometer; autoplay; clipboard-write; encrypted-media; gyroscope; picture-in-picture; web-share\" referrerpolicy=\"strict-origin-when-cross-origin\" allowfullscreen><\/iframe>\n<\/div><\/figure>\n\n\n\n<p><\/p>\n\n\n<p><strong>Le t\u00e9moignage d&rsquo;Annette, survivante de violences psychiques et sexuelles<\/strong><\/p>\n<\/p>\n\n\n<figure class=\"wp-block-embed is-type-video is-provider-youtube wp-block-embed-youtube wp-embed-aspect-16-9 wp-has-aspect-ratio\"><div class=\"wp-block-embed__wrapper\">\n<iframe loading=\"lazy\" title=\"I&#039;M POSSIBLE @ LA VOIX DES SURVIVANT(E)S_ANNETTE\" width=\"950\" height=\"534\" src=\"https:\/\/www.youtube.com\/embed\/F6KnAcFiCs4?feature=oembed\" frameborder=\"0\" allow=\"accelerometer; autoplay; clipboard-write; encrypted-media; gyroscope; picture-in-picture; web-share\" referrerpolicy=\"strict-origin-when-cross-origin\" allowfullscreen><\/iframe>\n<\/div><\/figure>\n\n\n\n<p><\/p>\n\n\n<p><strong>Le t\u00e9moignage de Steve, survivant d&rsquo;abus sexuel<\/strong><\/p>\n<\/p>\n\n\n<figure class=\"wp-block-embed is-type-video is-provider-youtube wp-block-embed-youtube wp-embed-aspect-16-9 wp-has-aspect-ratio\"><div class=\"wp-block-embed__wrapper\">\n<iframe loading=\"lazy\" title=\"I&#039;M POSSIBLE @ LA VOIX DES SURVIVANT(E)S_STEVE\" width=\"950\" height=\"534\" src=\"https:\/\/www.youtube.com\/embed\/UvPviJfvXSY?feature=oembed\" frameborder=\"0\" allow=\"accelerometer; autoplay; clipboard-write; encrypted-media; gyroscope; picture-in-picture; web-share\" referrerpolicy=\"strict-origin-when-cross-origin\" allowfullscreen><\/iframe>\n<\/div><\/figure>\n\n\n\n<p><\/p>\n\n\n<p><strong>Le t\u00e9moignage de St\u00e9phane, survivant d&rsquo;abus sexuel<\/strong><\/p>\n<\/p>\n\n\n<figure class=\"wp-block-embed is-type-video is-provider-youtube wp-block-embed-youtube wp-embed-aspect-16-9 wp-has-aspect-ratio\"><div class=\"wp-block-embed__wrapper\">\n<iframe loading=\"lazy\" title=\"I&#039;M POSSIBLE @ LA VOIX DES SURVIVANT(E)S_ST\u00c9PHANE\" width=\"950\" height=\"534\" src=\"https:\/\/www.youtube.com\/embed\/rPSiMpPs3rM?feature=oembed\" frameborder=\"0\" allow=\"accelerometer; autoplay; clipboard-write; encrypted-media; gyroscope; picture-in-picture; web-share\" referrerpolicy=\"strict-origin-when-cross-origin\" allowfullscreen><\/iframe>\n<\/div><\/figure>\n\n\n\n<p><\/p>\n\n\n\n<p><strong>T\u00e9moignage de Patz, survivante de violence domestique<\/strong><\/p>\n\n\n\n<figure class=\"wp-block-embed is-type-video is-provider-youtube wp-block-embed-youtube wp-embed-aspect-4-3 wp-has-aspect-ratio\"><div class=\"wp-block-embed__wrapper\">\n<iframe loading=\"lazy\" title=\"I&#039;M POSSIBLE @ LA VOIX DES SURVIVANT(E)S_PATZ\" width=\"950\" height=\"713\" src=\"https:\/\/www.youtube.com\/embed\/AyWDHWFxe9c?feature=oembed\" frameborder=\"0\" allow=\"accelerometer; autoplay; clipboard-write; encrypted-media; gyroscope; picture-in-picture; web-share\" referrerpolicy=\"strict-origin-when-cross-origin\" allowfullscreen><\/iframe>\n<\/div><\/figure>\n\n\n\n<p><\/p>\n\n\n\n<p><\/p>\n\n\n\n<p><strong>Le t\u00e9moignage de Marissa, survivante de violence domestique<\/strong><\/p>\n\n\n\n<figure class=\"wp-block-embed is-type-video is-provider-youtube wp-block-embed-youtube wp-embed-aspect-16-9 wp-has-aspect-ratio\"><div class=\"wp-block-embed__wrapper\">\n<iframe loading=\"lazy\" title=\"I&#039;M POSSIBLE @ LA VOIX DES SURVIVANT(E)S_MARISSA\" width=\"950\" height=\"534\" src=\"https:\/\/www.youtube.com\/embed\/jLusaYINCTg?feature=oembed\" frameborder=\"0\" allow=\"accelerometer; autoplay; clipboard-write; encrypted-media; gyroscope; picture-in-picture; web-share\" referrerpolicy=\"strict-origin-when-cross-origin\" allowfullscreen><\/iframe>\n<\/div><\/figure>\n\n\n\n<p><\/p>\n\n\n\n<p><\/p>\n\n\n\n<p><\/p>\n\n\n\n<p><strong>Le teaser de la premi\u00e8re campagne I&rsquo;M POSSIBLE<\/strong><\/p>\n\n\n\n<p><\/p>\n\n\n\n<figure class=\"wp-block-embed is-type-video is-provider-youtube wp-block-embed-youtube wp-embed-aspect-16-9 wp-has-aspect-ratio\"><div class=\"wp-block-embed__wrapper\">\n<iframe loading=\"lazy\" title=\"I&#039;M POSSIBLE Teaser 2021+2023\" width=\"950\" height=\"534\" src=\"https:\/\/www.youtube.com\/embed\/prS0-NrEVC8?feature=oembed\" frameborder=\"0\" allow=\"accelerometer; autoplay; clipboard-write; encrypted-media; gyroscope; picture-in-picture; web-share\" referrerpolicy=\"strict-origin-when-cross-origin\" allowfullscreen><\/iframe>\n<\/div><\/figure>\n\n\n\n<p><\/p>\n\n\n\n<p><strong>La campagne de la deuxi\u00e8me campagne I&rsquo;M POSSIBLE<\/strong><\/p>\n\n\n\n<figure class=\"wp-block-embed is-type-video is-provider-youtube wp-block-embed-youtube wp-embed-aspect-16-9 wp-has-aspect-ratio\"><div class=\"wp-block-embed__wrapper\">\n<iframe loading=\"lazy\" title=\"I&#039;M POSSIBLE @ LA VOIX DES SURVIVANT(E)S_TEASER\" width=\"950\" height=\"534\" src=\"https:\/\/www.youtube.com\/embed\/J_IFixP-JT4?feature=oembed\" frameborder=\"0\" allow=\"accelerometer; autoplay; clipboard-write; encrypted-media; gyroscope; picture-in-picture; web-share\" referrerpolicy=\"strict-origin-when-cross-origin\" allowfullscreen><\/iframe>\n<\/div><\/figure>","protected":false},"excerpt":{"rendered":"<p>Campagne I&rsquo;M POSSIBLE : D\u00e9couvrez les t\u00e9moignages de survivantes et survivants de violence Le t\u00e9moignage d&rsquo;Ana, survivante de violence domestique Le t\u00e9moignage de Liv, survivante de viol Le t\u00e9moignage de Mary, survivante d&rsquo;inceste Le t\u00e9moignage d&rsquo;Annette, survivante de violences psychiques et sexuelles Le t\u00e9moignage de Steve, survivant d&rsquo;abus sexuel Le t\u00e9moignage de St\u00e9phane, survivant d&rsquo;abus &hellip; <\/p>\n<p class=\"link-more\"><a href=\"https:\/\/survivant-e-s.lu\/fr\/temoignages\/\" class=\"more-link\">Lire la suite de<span class=\"screen-reader-text\">\u00ab\u00a0T\u00e9moignages\u00a0\u00bb<\/span><\/a><\/p>\n","protected":false},"author":1,"featured_media":664,"parent":0,"menu_order":0,"comment_status":"closed","ping_status":"closed","template":"","meta":{"_exactmetrics_skip_tracking":false,"_exactmetrics_sitenote_active":false,"_exactmetrics_sitenote_note":"","_exactmetrics_sitenote_category":0,"inspiro_hide_title":false,"footnotes":""},"class_list":["post-653","page","type-page","status-publish","has-post-thumbnail","hentry"],"_links":{"self":[{"href":"https:\/\/survivant-e-s.lu\/fr\/wp-json\/wp\/v2\/pages\/653","targetHints":{"allow":["GET"]}}],"collection":[{"href":"https:\/\/survivant-e-s.lu\/fr\/wp-json\/wp\/v2\/pages"}],"about":[{"href":"https:\/\/survivant-e-s.lu\/fr\/wp-json\/wp\/v2\/types\/page"}],"author":[{"embeddable":true,"href":"https:\/\/survivant-e-s.lu\/fr\/wp-json\/wp\/v2\/users\/1"}],"replies":[{"embeddable":true,"href":"https:\/\/survivant-e-s.lu\/fr\/wp-json\/wp\/v2\/comments?post=653"}],"version-history":[{"count":26,"href":"https:\/\/survivant-e-s.lu\/fr\/wp-json\/wp\/v2\/pages\/653\/revisions"}],"predecessor-version":[{"id":1833,"href":"https:\/\/survivant-e-s.lu\/fr\/wp-json\/wp\/v2\/pages\/653\/revisions\/1833"}],"wp:featuredmedia":[{"embeddable":true,"href":"https:\/\/survivant-e-s.lu\/fr\/wp-json\/wp\/v2\/media\/664"}],"wp:attachment":[{"href":"https:\/\/survivant-e-s.lu\/fr\/wp-json\/wp\/v2\/media?parent=653"}],"curies":[{"name":"wp","href":"https:\/\/api.w.org\/{rel}","templated":true}]}}