{"id":34,"date":"2022-12-20T07:53:40","date_gmt":"2022-12-20T07:53:40","guid":{"rendered":"https:\/\/survivant-e-s.lu\/?page_id=34"},"modified":"2026-04-10T13:06:20","modified_gmt":"2026-04-10T11:06:20","slug":"informations","status":"publish","type":"page","link":"https:\/\/survivant-e-s.lu\/fr\/informations\/","title":{"rendered":"INFOS UTILES"},"content":{"rendered":"<h4><strong>FONDS D&rsquo;AIDE NOUVEAU D\u00c9PART<\/strong><\/h4>\n<div>\n<p>La Voix des Survivant(e)s a cr\u00e9\u00e9 en 2024 un fonds afin de soutenir les victimes de violence fond\u00e9e sur le genre. Il vise \u00e0 donner un coup de pouce financier et un encouragement aux personnes en phase de reconstruction. <br \/><strong>Pour avoir des informations sur les modalit\u00e9s et l&rsquo;obtention de cette aide, vous pouvez nous \u00e9crire \u00e0 l&rsquo;adresse : lvds.lux@gmail.com<\/strong>.<\/p>\n<\/div>\n<h4>\u00a0<\/h4>\n<h4><strong>EN CAS D&rsquo;URGENCE<\/strong><\/h4>\n<p><strong><a href=\"https:\/\/www.helpline-violence.lu\" target=\"_blank\" rel=\"noopener\">Helpline\u00a0violence<\/a><\/strong> : <strong>2060 1060<\/strong> (7j\/7 de 12h \u00e0 20h)<\/p>\n<p><strong>Centre National pour les Victimes de Violence : 27 55 53 15<\/strong>.<\/p>\n<ul>\n<li>soutien psychosocial,<\/li>\n<li>assistance m\u00e9dicale,<\/li>\n<li>intervention polici\u00e8re et d\u00e9p\u00f4t de plainte,<\/li>\n<li>information juridique.<\/li>\n<\/ul>\n<p>Adresse : 3A, Val Ste Croix, L-1371 Luxembourg. Arr\u00eat Tram\/Bus: St\u00e4replaz &#8211; Etoile.<br \/>Ouverture :\u00a0Lundi au jeudi: 17 h 00 &#8211; 00 h 00 ; Vendredi: 18 h 00 &#8211; 2 h 00 ; Samedi: 10 h 00 &#8211; 2 h 00 ; Dimanche: 10 h 00 &#8211; 00 h 00.<\/p>\n<p><strong>Info viol : 48 59 76 58<\/strong><\/p>\n<p><strong><a href=\"https:\/\/www.kjt.lu\/fr\/\" target=\"_blank\" rel=\"noopener\">Kanner a Jugend Telefon<\/a><\/strong> :<strong> 116 1 11<\/strong><\/p>\n<p><strong><a href=\"https:\/\/112.public.lu\/\" target=\"_blank\" rel=\"noopener\">Urgences m\u00e9dicales<\/a> <\/strong>: <strong>112<\/strong><\/p>\n<p><strong><a href=\"https:\/\/umedo.lu\" target=\"_blank\" rel=\"noopener\">UMEDO<\/a> : <\/strong>Unit\u00e9 m\u00e9dico-l\u00e9gale de documentation des violences &#8211;<strong>\u00a0621858080<\/strong><\/p>\n<p><strong><a href=\"https:\/\/police.public.lu\/fr\/aide-aux-victimes.html\" target=\"_blank\" rel=\"noopener\">Police<\/a><\/strong>\u00a0: <strong>113<\/strong><\/p>\n<p><strong><a href=\"https:\/\/454545.lu\" target=\"_blank\" rel=\"noopener\">SOS D\u00e9tresse<\/a><\/strong> :<strong> 45 45 45<\/strong><\/p>\n<h4>\u00a0<\/h4>\n<h4><strong>SERVICES SPECIALIS\u00c9S<\/strong><\/h4>\n<p><strong><a href=\"https:\/\/fed.lu\/wp\/\" target=\"_blank\" rel=\"noopener\">Femmes en d\u00e9tresse<\/a><\/strong> : <strong>49 08 77 1<\/strong><\/p>\n<p><a href=\"https:\/\/fmpo.lu\" target=\"_blank\" rel=\"noopener\"><strong>Fondation Maison de la Porte Ouverte<\/strong><\/a> : aide aux mineurs, jeunes adultes, femmes en d\u00e9tresse, couples, parents en difficult\u00e9 &#8211; <strong>28 588 001<\/strong><\/p>\n<p><strong><a href=\"https:\/\/www.profamilia.lu\" target=\"_blank\" rel=\"noopener\">Fondation Pro Familia<\/a><\/strong> : aide aux mineurs, femmes, couples, familles.<\/p>\n<p><strong><a href=\"https:\/\/www.alupse.lu\/fr\/lassociation-alupse\/\" target=\"_blank\" rel=\"noopener\">Alupse : <\/a><\/strong>\u00a0association d&rsquo;aide aux enfants &#8211; <strong>26 18 48 1<\/strong><\/p>\n<p><strong><a href=\"http:\/\/www.infomann.lu\/index.php\/infomann-home\" target=\"_blank\" rel=\"noopener\">InfoMann<\/a><\/strong> : service d&rsquo;aide pour hommes en difficult\u00e9 &#8211; <strong>274 965<\/strong><\/p>\n<p><strong><a href=\"https:\/\/www.bee-secure.lu\/fr\/\" target=\"_blank\" rel=\"noopener\">Bee Secure Helpline<\/a><\/strong> : s\u00e9curit\u00e9 en ligne &#8211; <strong>80 02 12 34<\/strong><\/p>\n<h4>\u00a0<\/h4>\n<h4><strong>POUR<\/strong> EN<strong> SAVOIR PLUS SUR TOUS LES SERVICES D&rsquo;AIDE\u00a0<\/strong><\/h4>\n<p>Des informations sont disponibles sur le site<strong> <a href=\"https:\/\/violence.lu\/je-subis-de-la-violence\/?wdt_column_filter%5Bvictimesauteures%5D=victimes\" target=\"_blank\" rel=\"noopener\">violence.lu.<\/a><\/strong><\/p>\n\n\n<p><\/p>\n\n\n\n<p><\/p>\n\n\n\n<h4 class=\"wp-block-heading\"><strong>VIOLENCES SEXUELLES ET SEXISTES AU TRAVAIL<\/strong><\/h4>\n\n\n\n<p><strong><a href=\"https:\/\/www.avft.org\/boite-a-outils\/\" target=\"_blank\" rel=\"noreferrer noopener\">Bo\u00eete \u00e0 outils<\/a><\/strong> pour aider les victimes faire valoir leurs droits.<\/p>\n\n\n\n<p><\/p>","protected":false},"excerpt":{"rendered":"<p>FONDS D&rsquo;AIDE NOUVEAU D\u00c9PART La Voix des Survivant(e)s a cr\u00e9\u00e9 en 2024 un fonds afin de soutenir les victimes de violence fond\u00e9e sur le genre. Il vise \u00e0 donner un coup de pouce financier et un encouragement aux personnes en phase de reconstruction. Pour avoir des informations sur les modalit\u00e9s et l&rsquo;obtention de cette aide, &hellip; <\/p>\n<p class=\"link-more\"><a href=\"https:\/\/survivant-e-s.lu\/fr\/informations\/\" class=\"more-link\">Lire la suite de<span class=\"screen-reader-text\">\u00ab\u00a0INFOS UTILES\u00a0\u00bb<\/span><\/a><\/p>\n","protected":false},"author":1,"featured_media":371,"parent":0,"menu_order":0,"comment_status":"closed","ping_status":"closed","template":"","meta":{"_exactmetrics_skip_tracking":false,"_exactmetrics_sitenote_active":false,"_exactmetrics_sitenote_note":"","_exactmetrics_sitenote_category":0,"inspiro_hide_title":false,"footnotes":""},"class_list":["post-34","page","type-page","status-publish","has-post-thumbnail","hentry"],"_links":{"self":[{"href":"https:\/\/survivant-e-s.lu\/fr\/wp-json\/wp\/v2\/pages\/34","targetHints":{"allow":["GET"]}}],"collection":[{"href":"https:\/\/survivant-e-s.lu\/fr\/wp-json\/wp\/v2\/pages"}],"about":[{"href":"https:\/\/survivant-e-s.lu\/fr\/wp-json\/wp\/v2\/types\/page"}],"author":[{"embeddable":true,"href":"https:\/\/survivant-e-s.lu\/fr\/wp-json\/wp\/v2\/users\/1"}],"replies":[{"embeddable":true,"href":"https:\/\/survivant-e-s.lu\/fr\/wp-json\/wp\/v2\/comments?post=34"}],"version-history":[{"count":104,"href":"https:\/\/survivant-e-s.lu\/fr\/wp-json\/wp\/v2\/pages\/34\/revisions"}],"predecessor-version":[{"id":1872,"href":"https:\/\/survivant-e-s.lu\/fr\/wp-json\/wp\/v2\/pages\/34\/revisions\/1872"}],"wp:featuredmedia":[{"embeddable":true,"href":"https:\/\/survivant-e-s.lu\/fr\/wp-json\/wp\/v2\/media\/371"}],"wp:attachment":[{"href":"https:\/\/survivant-e-s.lu\/fr\/wp-json\/wp\/v2\/media?parent=34"}],"curies":[{"name":"wp","href":"https:\/\/api.w.org\/{rel}","templated":true}]}}