{"id":1124,"date":"2024-08-10T20:22:47","date_gmt":"2024-08-10T18:22:47","guid":{"rendered":"https:\/\/survivant-e-s.lu\/?page_id=1124"},"modified":"2026-01-20T11:53:06","modified_gmt":"2026-01-20T10:53:06","slug":"expo-brisons-le-silence","status":"publish","type":"page","link":"https:\/\/survivant-e-s.lu\/fr\/expo-brisons-le-silence\/","title":{"rendered":"EXPO \/ BRISONS LE SILENCE"},"content":{"rendered":"<figure class=\"wp-block-image aligncenter size-large\"><img loading=\"lazy\" decoding=\"async\" width=\"1024\" height=\"681\" src=\"https:\/\/survivant-e-s.lu\/wp-content\/uploads\/2024\/08\/23DB5BA3-0A27-41EC-B985-B7606788BE1A_1_105_c-1024x681.jpeg\" alt=\"\" class=\"wp-image-1125\" srcset=\"https:\/\/survivant-e-s.lu\/wp-content\/uploads\/2024\/08\/23DB5BA3-0A27-41EC-B985-B7606788BE1A_1_105_c-1024x681.jpeg 1024w, https:\/\/survivant-e-s.lu\/wp-content\/uploads\/2024\/08\/23DB5BA3-0A27-41EC-B985-B7606788BE1A_1_105_c-300x200.jpeg 300w, https:\/\/survivant-e-s.lu\/wp-content\/uploads\/2024\/08\/23DB5BA3-0A27-41EC-B985-B7606788BE1A_1_105_c.jpeg 1087w\" sizes=\"auto, (max-width: 1024px) 100vw, 1024px\" \/><\/figure>\n\n\n\n<p>&nbsp;<\/p>\n\n\n\n<p>L&rsquo;exposition BRISONS LE SILENCE pr\u00e9sente une s\u00e9lection de&nbsp;photos ainsi que des paroles recueillies pendant le Relai Orange&nbsp;de l\u2019association La Voix des Survivant(e)s.&nbsp;<\/p>\n\n\n\n<p>Du 18 au 25 novembre 2023, les participants ont march\u00e9 65 kilom\u00e8tres pour relier en huit \u00e9tapes Esch-sur-Alzette \u00e0 Ettelbruck en passant par Bettembourg, Hesperange, Luxembourg, Walferdange, Lorentzweiler, Mersch et Colmar-Berg. <\/p>\n\n\n\n<p>L&rsquo;association a recueilli en chemin : des t\u00e9moignages, directs ou indirects, de personnes victimes de violence sexuelle, sexiste, physique ou psychique ; des id\u00e9es pour que les choses s\u2019am\u00e9liorent au niveau institutionnel et soci\u00e9tal.<\/p>\n\n\n\n<p><strong>PARTAGEZ vos commentaires ou vos id\u00e9es pour BRISER LE SILENCE<\/strong><\/p>\n\n\n\n<div class=\"wpcf7 no-js\" id=\"wpcf7-f1130-o1\" lang=\"fr-FR\" dir=\"ltr\" data-wpcf7-id=\"1130\">\n<div class=\"screen-reader-response\"><p role=\"status\" aria-live=\"polite\" aria-atomic=\"true\"><\/p> <ul><\/ul><\/div>\n<form action=\"\/fr\/wp-json\/wp\/v2\/pages\/1124#wpcf7-f1130-o1\" method=\"post\" class=\"wpcf7-form init\" aria-label=\"Formulaire de contact\" novalidate=\"novalidate\" data-status=\"init\">\n<fieldset class=\"hidden-fields-container\"><input type=\"hidden\" name=\"_wpcf7\" value=\"1130\" \/><input type=\"hidden\" name=\"_wpcf7_version\" value=\"6.1.5\" \/><input type=\"hidden\" name=\"_wpcf7_locale\" value=\"fr_FR\" \/><input type=\"hidden\" name=\"_wpcf7_unit_tag\" value=\"wpcf7-f1130-o1\" \/><input type=\"hidden\" name=\"_wpcf7_container_post\" value=\"0\" \/><input type=\"hidden\" name=\"_wpcf7_posted_data_hash\" value=\"\" \/>\n<\/fieldset>\n<p><label> Votre nom \/ pseudonyme<br \/>\n<span class=\"wpcf7-form-control-wrap\" data-name=\"your-name\"><input size=\"40\" maxlength=\"400\" class=\"wpcf7-form-control wpcf7-text wpcf7-validates-as-required\" autocomplete=\"name\" aria-required=\"true\" aria-invalid=\"false\" value=\"\" type=\"text\" name=\"your-name\" \/><\/span> <\/label>\n<\/p>\n<p><label> Votre e-mail<br \/>\n<span class=\"wpcf7-form-control-wrap\" data-name=\"your-email\"><input size=\"40\" maxlength=\"400\" class=\"wpcf7-form-control wpcf7-email wpcf7-validates-as-required wpcf7-text wpcf7-validates-as-email\" autocomplete=\"email\" aria-required=\"true\" aria-invalid=\"false\" value=\"\" type=\"email\" name=\"your-email\" \/><\/span> <\/label>\n<\/p>\n<p><label> Votre t\u00e9moignage<br \/>\n<span class=\"wpcf7-form-control-wrap\" data-name=\"your-message\"><textarea cols=\"40\" rows=\"10\" maxlength=\"2000\" class=\"wpcf7-form-control wpcf7-textarea wpcf7-validates-as-required\" aria-required=\"true\" aria-invalid=\"false\" name=\"your-message\"><\/textarea><\/span> <\/label>\n<\/p>\n<p><input class=\"wpcf7-form-control wpcf7-submit has-spinner\" type=\"submit\" value=\"Envoyer\" \/>\n<\/p><div class=\"wpcf7-response-output\" aria-hidden=\"true\"><\/div>\n<\/form>\n<\/div>\n\n\n\n\n<p>&nbsp;<\/p>\n\n\n\n<p><strong>AGENDA DE L&rsquo;EXPOSITION<\/strong><\/p>\n\n\n\n<p><strong>Octobre 2024<\/strong>&nbsp;: exposition au Bierger Center de la Ville de Luxembourg.<\/p>\n\n\n\n<p><strong>Lundi 14 octobre&nbsp;2024<\/strong> : conf\u00e9rence \u00e0 18h30 au Cercle Cit\u00e9&nbsp; de Luxembourg &#8211; \u00ab\u00a0Violences physiques, psychologiques, sexuelles&nbsp;: pour une r\u00e9forme de la loi\u00a0\u00bb (<a href=\"https:\/\/www.eventbrite.be\/e\/violences-physiques-psychologiques-sexuelles-pour-une-reforme-de-la-loi-tickets-1019364525737\" target=\"_blank\" rel=\"noreferrer noopener\">gratuit sur r\u00e9servation<\/a>)<\/p>\n\n\n\n<p><strong>Du 18 novembre au 15 d\u00e9cembre<\/strong> <strong>2024<\/strong>&nbsp;:&nbsp;&nbsp;exposition Place de la R\u00e9sistance \u00e0 Esch-sur-Alzette.<\/p>\n\n\n\n<p><strong>Du 29 janvier au 14 f\u00e9vrier 2025 <\/strong>: exposition au Centre Hospitalier du Nord \u00e0 Ettelbr\u00fcck.<\/p>\n\n\n\n<p><strong>Du 20 f\u00e9vrier au 9 avril 2025 <\/strong>: exposition \u00e0 la Chambre des Salari\u00e9s Luxembourg.<\/p>\n\n\n\n<p><strong>Le 26 juin 2025 :<\/strong> Conf\u00e9rence d&rsquo;Andreea Gruev-Vintala sur \u00ab\u00a0Le Contr\u00f4le coercitif &#8211; Au coeur de la violence domestique\u00a0\u00bb.<\/p>\n\n\n\n<p><strong>Le 2 juillet 2025<\/strong> : Exposition devant la Chambre des d\u00e9put\u00e9s \u00e0 Luxembourg avant le d\u00e9bat public sur notre \u00ab\u00a0<a href=\"https:\/\/survivant-e-s.lu\/fr\/2025\/02\/27\/la-voix-des-survivantes-rend-publique-lintegralite-de-ses-propositions-de-reforme\/\" target=\"_blank\" rel=\"noreferrer noopener\">Proposition de r\u00e9forme int\u00e9grale et organique afin de lutter contre les violences fond\u00e9es sur le genre et leur impact sur les enfants co-victimes\u00a0\u00bb<\/a>.<\/p>\n\n\n\n<p><strong>Du 17 novembre au 15 d\u00e9cembre 2025<\/strong> : exposition au Centre Hospitalier Emile Mayrisch \u00e0 Esch-sur-Alzette. <\/p>\n\n\n\n<p><strong>27 novembre 2025<\/strong> : Conf\u00e9rence d&rsquo;Ana Pinto et St\u00e9phanie Makoumbou sur le th\u00e8me  \u00ab\u00a0Comprendre et agir face aux violences domestiques\u00a0\u00bb.<\/p>\n\n\n\n<p><strong>Du 6 janvier au 7 f\u00e9vrier 2026<\/strong> : exposition au Centre Hospitalier et \u00e0 la Maternit\u00e9 de Luxembourg.<\/p>\n\n\n\n<p><strong>Du 13 f\u00e9vrier au 2 mars 2026<\/strong> : exposition au centre commercial City Concorde de Bertrange.<\/p>\n\n\n\n<p><strong>Mai 2026 <\/strong> : exposition \u00e0 la gare de Luxembourg<\/p>\n\n\n\n<p><\/p>\n\n\n\n<p><\/p>\n\n\n\n<p><\/p>\n\n\n\n<p class=\"has-text-align-center\"><em><strong>En cas d\u2019int\u00e9r\u00eat pour pr\u00e9senter l&rsquo;exposition, nous contacter \u00e0&nbsp;<\/strong><\/em><a href=\"mailto:lvds.lux@gmail.com\"><strong><em>lvds.lux@gmail.com<\/em><\/strong><\/a><\/p>\n\n\n\n<p><\/p>\n\n\n\n<figure class=\"wp-block-gallery has-nested-images columns-default is-cropped wp-block-gallery-1 is-layout-flex wp-block-gallery-is-layout-flex\">\n<figure class=\"wp-block-image size-large\"><img loading=\"lazy\" decoding=\"async\" width=\"731\" height=\"1024\" data-id=\"1319\" src=\"https:\/\/survivant-e-s.lu\/wp-content\/uploads\/2024\/12\/Ana-small-731x1024.jpg\" alt=\"\" class=\"wp-image-1319\" srcset=\"https:\/\/survivant-e-s.lu\/wp-content\/uploads\/2024\/12\/Ana-small-731x1024.jpg 731w, https:\/\/survivant-e-s.lu\/wp-content\/uploads\/2024\/12\/Ana-small-214x300.jpg 214w, https:\/\/survivant-e-s.lu\/wp-content\/uploads\/2024\/12\/Ana-small.jpg 914w\" sizes=\"auto, (max-width: 731px) 100vw, 731px\" \/><\/figure>\n\n\n\n<figure class=\"wp-block-image size-large\"><img loading=\"lazy\" decoding=\"async\" width=\"731\" height=\"1024\" data-id=\"1326\" src=\"https:\/\/survivant-e-s.lu\/wp-content\/uploads\/2024\/12\/Maria-small-731x1024.jpg\" alt=\"\" class=\"wp-image-1326\" srcset=\"https:\/\/survivant-e-s.lu\/wp-content\/uploads\/2024\/12\/Maria-small-731x1024.jpg 731w, https:\/\/survivant-e-s.lu\/wp-content\/uploads\/2024\/12\/Maria-small-214x300.jpg 214w, https:\/\/survivant-e-s.lu\/wp-content\/uploads\/2024\/12\/Maria-small.jpg 914w\" sizes=\"auto, (max-width: 731px) 100vw, 731px\" \/><\/figure>\n\n\n\n<figure class=\"wp-block-image size-large\"><img loading=\"lazy\" decoding=\"async\" width=\"731\" height=\"1024\" data-id=\"1321\" src=\"https:\/\/survivant-e-s.lu\/wp-content\/uploads\/2024\/12\/Annette-small-731x1024.jpg\" alt=\"\" class=\"wp-image-1321\" srcset=\"https:\/\/survivant-e-s.lu\/wp-content\/uploads\/2024\/12\/Annette-small-731x1024.jpg 731w, https:\/\/survivant-e-s.lu\/wp-content\/uploads\/2024\/12\/Annette-small-214x300.jpg 214w, https:\/\/survivant-e-s.lu\/wp-content\/uploads\/2024\/12\/Annette-small.jpg 914w\" sizes=\"auto, (max-width: 731px) 100vw, 731px\" \/><\/figure>\n\n\n\n<figure class=\"wp-block-image size-large\"><img loading=\"lazy\" decoding=\"async\" width=\"731\" height=\"1024\" data-id=\"1320\" src=\"https:\/\/survivant-e-s.lu\/wp-content\/uploads\/2024\/12\/Anne-small-731x1024.jpg\" alt=\"\" class=\"wp-image-1320\" srcset=\"https:\/\/survivant-e-s.lu\/wp-content\/uploads\/2024\/12\/Anne-small-731x1024.jpg 731w, https:\/\/survivant-e-s.lu\/wp-content\/uploads\/2024\/12\/Anne-small-214x300.jpg 214w, https:\/\/survivant-e-s.lu\/wp-content\/uploads\/2024\/12\/Anne-small.jpg 914w\" sizes=\"auto, (max-width: 731px) 100vw, 731px\" \/><\/figure>\n\n\n\n<figure class=\"wp-block-image size-large\"><img loading=\"lazy\" decoding=\"async\" width=\"731\" height=\"1024\" data-id=\"1323\" src=\"https:\/\/survivant-e-s.lu\/wp-content\/uploads\/2024\/12\/Clotilde-small-731x1024.jpg\" alt=\"\" class=\"wp-image-1323\" srcset=\"https:\/\/survivant-e-s.lu\/wp-content\/uploads\/2024\/12\/Clotilde-small-731x1024.jpg 731w, https:\/\/survivant-e-s.lu\/wp-content\/uploads\/2024\/12\/Clotilde-small-214x300.jpg 214w, https:\/\/survivant-e-s.lu\/wp-content\/uploads\/2024\/12\/Clotilde-small.jpg 914w\" sizes=\"auto, (max-width: 731px) 100vw, 731px\" \/><\/figure>\n\n\n\n<figure class=\"wp-block-image size-large\"><img loading=\"lazy\" decoding=\"async\" width=\"731\" height=\"1024\" data-id=\"1327\" src=\"https:\/\/survivant-e-s.lu\/wp-content\/uploads\/2024\/12\/Marzenka-small-731x1024.jpg\" alt=\"\" class=\"wp-image-1327\" srcset=\"https:\/\/survivant-e-s.lu\/wp-content\/uploads\/2024\/12\/Marzenka-small-731x1024.jpg 731w, https:\/\/survivant-e-s.lu\/wp-content\/uploads\/2024\/12\/Marzenka-small-214x300.jpg 214w, https:\/\/survivant-e-s.lu\/wp-content\/uploads\/2024\/12\/Marzenka-small.jpg 914w\" sizes=\"auto, (max-width: 731px) 100vw, 731px\" \/><\/figure>\n\n\n\n<figure class=\"wp-block-image size-large\"><img loading=\"lazy\" decoding=\"async\" width=\"731\" height=\"1024\" data-id=\"1328\" src=\"https:\/\/survivant-e-s.lu\/wp-content\/uploads\/2024\/12\/Panneau_01_V1-small-731x1024.jpg\" alt=\"\" class=\"wp-image-1328\" srcset=\"https:\/\/survivant-e-s.lu\/wp-content\/uploads\/2024\/12\/Panneau_01_V1-small-731x1024.jpg 731w, https:\/\/survivant-e-s.lu\/wp-content\/uploads\/2024\/12\/Panneau_01_V1-small-214x300.jpg 214w, https:\/\/survivant-e-s.lu\/wp-content\/uploads\/2024\/12\/Panneau_01_V1-small.jpg 914w\" sizes=\"auto, (max-width: 731px) 100vw, 731px\" \/><\/figure>\n\n\n\n<figure class=\"wp-block-image size-large\"><img loading=\"lazy\" decoding=\"async\" width=\"731\" height=\"1024\" data-id=\"1330\" src=\"https:\/\/survivant-e-s.lu\/wp-content\/uploads\/2024\/12\/Sandra-small-731x1024.jpg\" alt=\"\" class=\"wp-image-1330\" srcset=\"https:\/\/survivant-e-s.lu\/wp-content\/uploads\/2024\/12\/Sandra-small-731x1024.jpg 731w, https:\/\/survivant-e-s.lu\/wp-content\/uploads\/2024\/12\/Sandra-small-214x300.jpg 214w, https:\/\/survivant-e-s.lu\/wp-content\/uploads\/2024\/12\/Sandra-small.jpg 914w\" sizes=\"auto, (max-width: 731px) 100vw, 731px\" \/><\/figure>\n\n\n\n<figure class=\"wp-block-image size-large\"><img loading=\"lazy\" decoding=\"async\" width=\"731\" height=\"1024\" data-id=\"1331\" src=\"https:\/\/survivant-e-s.lu\/wp-content\/uploads\/2024\/12\/Vera-small-731x1024.jpg\" alt=\"\" class=\"wp-image-1331\" srcset=\"https:\/\/survivant-e-s.lu\/wp-content\/uploads\/2024\/12\/Vera-small-731x1024.jpg 731w, https:\/\/survivant-e-s.lu\/wp-content\/uploads\/2024\/12\/Vera-small-214x300.jpg 214w, https:\/\/survivant-e-s.lu\/wp-content\/uploads\/2024\/12\/Vera-small.jpg 914w\" sizes=\"auto, (max-width: 731px) 100vw, 731px\" \/><\/figure>\n\n\n\n<figure class=\"wp-block-image size-large\"><img loading=\"lazy\" decoding=\"async\" width=\"731\" height=\"1024\" data-id=\"1324\" src=\"https:\/\/survivant-e-s.lu\/wp-content\/uploads\/2024\/12\/Corinna-small-731x1024.jpg\" alt=\"\" class=\"wp-image-1324\" srcset=\"https:\/\/survivant-e-s.lu\/wp-content\/uploads\/2024\/12\/Corinna-small-731x1024.jpg 731w, https:\/\/survivant-e-s.lu\/wp-content\/uploads\/2024\/12\/Corinna-small-214x300.jpg 214w, https:\/\/survivant-e-s.lu\/wp-content\/uploads\/2024\/12\/Corinna-small.jpg 914w\" sizes=\"auto, (max-width: 731px) 100vw, 731px\" \/><\/figure>\n\n\n\n<figure class=\"wp-block-image size-large\"><img loading=\"lazy\" decoding=\"async\" width=\"731\" height=\"1024\" data-id=\"1325\" src=\"https:\/\/survivant-e-s.lu\/wp-content\/uploads\/2024\/12\/Lina-small-731x1024.jpg\" alt=\"\" class=\"wp-image-1325\" srcset=\"https:\/\/survivant-e-s.lu\/wp-content\/uploads\/2024\/12\/Lina-small-731x1024.jpg 731w, https:\/\/survivant-e-s.lu\/wp-content\/uploads\/2024\/12\/Lina-small-214x300.jpg 214w, https:\/\/survivant-e-s.lu\/wp-content\/uploads\/2024\/12\/Lina-small.jpg 914w\" sizes=\"auto, (max-width: 731px) 100vw, 731px\" \/><\/figure>\n\n\n\n<figure class=\"wp-block-image size-large\"><img loading=\"lazy\" decoding=\"async\" width=\"731\" height=\"1024\" data-id=\"1322\" src=\"https:\/\/survivant-e-s.lu\/wp-content\/uploads\/2024\/12\/Capucine-small-731x1024.jpg\" alt=\"\" class=\"wp-image-1322\" srcset=\"https:\/\/survivant-e-s.lu\/wp-content\/uploads\/2024\/12\/Capucine-small-731x1024.jpg 731w, https:\/\/survivant-e-s.lu\/wp-content\/uploads\/2024\/12\/Capucine-small-214x300.jpg 214w, https:\/\/survivant-e-s.lu\/wp-content\/uploads\/2024\/12\/Capucine-small.jpg 914w\" sizes=\"auto, (max-width: 731px) 100vw, 731px\" \/><\/figure>\n<\/figure>\n\n\n\n<figure class=\"wp-block-gallery has-nested-images columns-default is-cropped wp-block-gallery-2 is-layout-flex wp-block-gallery-is-layout-flex\"><\/figure>","protected":false},"excerpt":{"rendered":"<p>&nbsp; L&rsquo;exposition BRISONS LE SILENCE pr\u00e9sente une s\u00e9lection de&nbsp;photos ainsi que des paroles recueillies pendant le Relai Orange&nbsp;de l\u2019association La Voix des Survivant(e)s.&nbsp; Du 18 au 25 novembre 2023, les participants ont march\u00e9 65 kilom\u00e8tres pour relier en huit \u00e9tapes Esch-sur-Alzette \u00e0 Ettelbruck en passant par Bettembourg, Hesperange, Luxembourg, Walferdange, Lorentzweiler, Mersch et Colmar-Berg. L&rsquo;association &hellip; <\/p>\n<p class=\"link-more\"><a href=\"https:\/\/survivant-e-s.lu\/fr\/expo-brisons-le-silence\/\" class=\"more-link\">Lire la suite de<span class=\"screen-reader-text\">\u00ab\u00a0EXPO \/ BRISONS LE SILENCE\u00a0\u00bb<\/span><\/a><\/p>\n","protected":false},"author":3,"featured_media":0,"parent":0,"menu_order":0,"comment_status":"closed","ping_status":"closed","template":"","meta":{"_exactmetrics_skip_tracking":false,"_exactmetrics_sitenote_active":false,"_exactmetrics_sitenote_note":"","_exactmetrics_sitenote_category":0,"inspiro_hide_title":false,"footnotes":""},"class_list":["post-1124","page","type-page","status-publish","hentry"],"_links":{"self":[{"href":"https:\/\/survivant-e-s.lu\/fr\/wp-json\/wp\/v2\/pages\/1124","targetHints":{"allow":["GET"]}}],"collection":[{"href":"https:\/\/survivant-e-s.lu\/fr\/wp-json\/wp\/v2\/pages"}],"about":[{"href":"https:\/\/survivant-e-s.lu\/fr\/wp-json\/wp\/v2\/types\/page"}],"author":[{"embeddable":true,"href":"https:\/\/survivant-e-s.lu\/fr\/wp-json\/wp\/v2\/users\/3"}],"replies":[{"embeddable":true,"href":"https:\/\/survivant-e-s.lu\/fr\/wp-json\/wp\/v2\/comments?post=1124"}],"version-history":[{"count":27,"href":"https:\/\/survivant-e-s.lu\/fr\/wp-json\/wp\/v2\/pages\/1124\/revisions"}],"predecessor-version":[{"id":1817,"href":"https:\/\/survivant-e-s.lu\/fr\/wp-json\/wp\/v2\/pages\/1124\/revisions\/1817"}],"wp:attachment":[{"href":"https:\/\/survivant-e-s.lu\/fr\/wp-json\/wp\/v2\/media?parent=1124"}],"curies":[{"name":"wp","href":"https:\/\/api.w.org\/{rel}","templated":true}]}}