{"id":9,"date":"2022-12-15T23:02:12","date_gmt":"2022-12-15T23:02:12","guid":{"rendered":"https:\/\/survivant-e-s.lu\/?page_id=9"},"modified":"2024-07-14T01:41:38","modified_gmt":"2024-07-13T23:41:38","slug":"actualites","status":"publish","type":"page","link":"https:\/\/survivant-e-s.lu\/en\/actualites\/","title":{"rendered":"News"},"content":{"rendered":"<h4 class=\"wp-block-heading\">EVENTS<\/h4>\n\n\n\n\n\n\n\n<p class=\"has-text-align-center\"><a href=\"\/agenda\/\" data-type=\"page\" data-id=\"42\"><strong>View all the events<\/strong><\/a><\/p>\n\n\n\n<h4 class=\"wp-block-heading\" id=\"communiqu\u00e9s\">RELEASES<\/h4>\n\n\n<ul class=\"wp-block-latest-posts__list has-dates has-author wp-block-latest-posts\"><li><div class=\"wp-block-latest-posts__featured-image\"><img loading=\"lazy\" decoding=\"async\" width=\"300\" height=\"168\" src=\"https:\/\/survivant-e-s.lu\/wp-content\/uploads\/2025\/04\/AG-2025_comite-300x168.jpg\" class=\"attachment-medium size-medium wp-post-image\" alt=\"\" style=\"\" srcset=\"https:\/\/survivant-e-s.lu\/wp-content\/uploads\/2025\/04\/AG-2025_comite-300x168.jpg 300w, https:\/\/survivant-e-s.lu\/wp-content\/uploads\/2025\/04\/AG-2025_comite-1024x575.jpg 1024w, https:\/\/survivant-e-s.lu\/wp-content\/uploads\/2025\/04\/AG-2025_comite-2000x1123.jpg 2000w\" sizes=\"auto, 100vw\" \/><\/div><a class=\"wp-block-latest-posts__post-title\" href=\"https:\/\/survivant-e-s.lu\/en\/2026\/03\/26\/invitation-a-lassemblee-generale-de-lvds\/\">Invitation \u00e0 l&#8217;assembl\u00e9e g\u00e9n\u00e9rale de LVDS<\/a><div class=\"wp-block-latest-posts__post-author\">by LVDS<\/div><time datetime=\"%2\" class=\"wp-block-latest-posts__post-date\">Thursday March 26th, 2026<\/time><div class=\"wp-block-latest-posts__post-excerpt\">Sorry, this entry is only available in Fran\u00e7ais : La Voix des Survivant(e)s asbl a le plaisir de vous inviter \u00e0 son Assembl\u00e9e g\u00e9n\u00e9rale ordinaire le jeudi 23 avril 2026 \u00e0 18.30 heures au restaurant &hellip; <p class=\"link-more\"><a href=\"https:\/\/survivant-e-s.lu\/en\/2026\/03\/26\/invitation-a-lassemblee-generale-de-lvds\/\" class=\"more-link\">Read more<span class=\"screen-reader-text\"> &#8220;Invitation \u00e0 l&#8217;assembl\u00e9e g\u00e9n\u00e9rale de LVDS&#8221;<\/span><\/a><\/p><\/div><\/li>\n<\/ul>\n\n\n<p class=\"has-text-align-center\"><a href=\"\/cat\/communiques\/\" data-type=\"URL\" data-id=\"\/cat\/communiques\/\"><strong>View all releases<\/strong><\/a><\/p>\n\n\n\n<p><\/p>\n\n\n\n<h4 class=\"wp-block-heading\" id=\"revue-de-presse\">PRESS REVIEW<\/h4>\n\n\n\n<p class=\"has-text-align-center\"><a href=\"\/francais-revue-de-presse\/\" data-type=\"URL\"><strong>View the press review<\/strong><\/a><\/p>\n\n\n\n<p><\/p>","protected":false},"excerpt":{"rendered":"<p>EVENTS View all the events RELEASES View all releases PRESS REVIEW View the press review<\/p>\n","protected":false},"author":1,"featured_media":384,"parent":0,"menu_order":0,"comment_status":"closed","ping_status":"closed","template":"","meta":{"_exactmetrics_skip_tracking":false,"_exactmetrics_sitenote_active":false,"_exactmetrics_sitenote_note":"","_exactmetrics_sitenote_category":0,"inspiro_hide_title":false,"footnotes":""},"class_list":["post-9","page","type-page","status-publish","has-post-thumbnail","hentry"],"_links":{"self":[{"href":"https:\/\/survivant-e-s.lu\/en\/wp-json\/wp\/v2\/pages\/9","targetHints":{"allow":["GET"]}}],"collection":[{"href":"https:\/\/survivant-e-s.lu\/en\/wp-json\/wp\/v2\/pages"}],"about":[{"href":"https:\/\/survivant-e-s.lu\/en\/wp-json\/wp\/v2\/types\/page"}],"author":[{"embeddable":true,"href":"https:\/\/survivant-e-s.lu\/en\/wp-json\/wp\/v2\/users\/1"}],"replies":[{"embeddable":true,"href":"https:\/\/survivant-e-s.lu\/en\/wp-json\/wp\/v2\/comments?post=9"}],"version-history":[{"count":42,"href":"https:\/\/survivant-e-s.lu\/en\/wp-json\/wp\/v2\/pages\/9\/revisions"}],"predecessor-version":[{"id":1114,"href":"https:\/\/survivant-e-s.lu\/en\/wp-json\/wp\/v2\/pages\/9\/revisions\/1114"}],"wp:featuredmedia":[{"embeddable":true,"href":"https:\/\/survivant-e-s.lu\/en\/wp-json\/wp\/v2\/media\/384"}],"wp:attachment":[{"href":"https:\/\/survivant-e-s.lu\/en\/wp-json\/wp\/v2\/media?parent=9"}],"curies":[{"name":"wp","href":"https:\/\/api.w.org\/{rel}","templated":true}]}}