{"id":7,"date":"2022-12-15T23:01:48","date_gmt":"2022-12-15T23:01:48","guid":{"rendered":"https:\/\/survivant-e-s.lu\/?page_id=7"},"modified":"2024-07-14T01:05:15","modified_gmt":"2024-07-13T23:05:15","slug":"francais-accueil","status":"publish","type":"page","link":"https:\/\/survivant-e-s.lu\/en\/","title":{"rendered":"TOGETHER, LET&#8217;S BREAK THE SILENCE AROUND VIOLENCE!"},"content":{"rendered":"<h4 class=\"wp-block-heading\">WHO ARE WE?<\/h4>\n\n\n\n<p>The association was created in August 2022. It brings together survivors of sexual, gender-based, physical or psychological violence, as well as sympathetic members who support our cause.<\/p>\n\n\n\n<h4 class=\"wp-block-heading\">OUR ASSOCIATION IS WORKING TO:<\/h4>\n\n\n\n<ul class=\"wp-block-list\">\n<li>break the taboos surrounding sexual, gender-based, physical and psychological violence<\/li>\n\n\n\n<li>reach out to isolated victims and refer them to professional services<\/li>\n\n\n\n<li>give a voice to those who have none by intervening in the legislative process and decision-making bodies<\/li>\n\n\n\n<li>take part in prevention initiatives.<\/li>\n<\/ul>\n\n\n\n<p class=\"has-text-align-center\"><a href=\"https:\/\/survivant-e-s.lu\/a-propos\/\" data-type=\"page\" data-id=\"96\"><strong>Find out more<\/strong><\/a><\/p>\n\n\n\n<h4 class=\"wp-block-heading\">NEWS<\/h4>\n\n\n<ul class=\"wp-block-latest-posts__list has-dates has-author wp-block-latest-posts\"><li><div class=\"wp-block-latest-posts__featured-image\"><img loading=\"lazy\" decoding=\"async\" width=\"300\" height=\"168\" src=\"https:\/\/survivant-e-s.lu\/wp-content\/uploads\/2025\/04\/AG-2025_comite-300x168.jpg\" class=\"attachment-medium size-medium wp-post-image\" alt=\"\" style=\"\" srcset=\"https:\/\/survivant-e-s.lu\/wp-content\/uploads\/2025\/04\/AG-2025_comite-300x168.jpg 300w, https:\/\/survivant-e-s.lu\/wp-content\/uploads\/2025\/04\/AG-2025_comite-1024x575.jpg 1024w, https:\/\/survivant-e-s.lu\/wp-content\/uploads\/2025\/04\/AG-2025_comite-2000x1123.jpg 2000w\" sizes=\"auto, 100vw\" \/><\/div><a class=\"wp-block-latest-posts__post-title\" href=\"https:\/\/survivant-e-s.lu\/en\/2026\/03\/26\/invitation-a-lassemblee-generale-de-lvds\/\">Invitation \u00e0 l&#8217;assembl\u00e9e g\u00e9n\u00e9rale de LVDS<\/a><div class=\"wp-block-latest-posts__post-author\">by LVDS<\/div><time datetime=\"%2\" class=\"wp-block-latest-posts__post-date\">Thursday March 26th, 2026<\/time><div class=\"wp-block-latest-posts__post-excerpt\">Sorry, this entry is only available in Fran\u00e7ais : La Voix des Survivant(e)s asbl a le plaisir de vous inviter \u00e0 son Assembl\u00e9e g\u00e9n\u00e9rale ordinaire le jeudi 23 avril 2026 \u00e0 18.30 heures au restaurant &hellip; <p class=\"link-more\"><a href=\"https:\/\/survivant-e-s.lu\/en\/2026\/03\/26\/invitation-a-lassemblee-generale-de-lvds\/\" class=\"more-link\">Read more<span class=\"screen-reader-text\"> &#8220;Invitation \u00e0 l&#8217;assembl\u00e9e g\u00e9n\u00e9rale de LVDS&#8221;<\/span><\/a><\/p><\/div><\/li>\n<li><div class=\"wp-block-latest-posts__featured-image\"><img loading=\"lazy\" decoding=\"async\" width=\"293\" height=\"300\" src=\"https:\/\/survivant-e-s.lu\/wp-content\/uploads\/2026\/02\/image-e1770657970824-293x300.png\" class=\"attachment-medium size-medium wp-post-image\" alt=\"\" style=\"\" srcset=\"https:\/\/survivant-e-s.lu\/wp-content\/uploads\/2026\/02\/image-e1770657970824-293x300.png 293w, https:\/\/survivant-e-s.lu\/wp-content\/uploads\/2026\/02\/image-e1770657970824-768x786.png 768w, https:\/\/survivant-e-s.lu\/wp-content\/uploads\/2026\/02\/image-e1770657970824.png 960w\" sizes=\"auto, 100vw\" \/><\/div><a class=\"wp-block-latest-posts__post-title\" href=\"https:\/\/survivant-e-s.lu\/en\/2026\/02\/09\/des-roses-pour-faire-entendre-la-voix-des-survivantes\/\">Des roses pour faire entendre La Voix des Survivant(e)s<\/a><div class=\"wp-block-latest-posts__post-author\">by LVDS<\/div><time datetime=\"%2\" class=\"wp-block-latest-posts__post-date\">Monday February  9th, 2026<\/time><div class=\"wp-block-latest-posts__post-excerpt\">Sorry, this entry is only available in Fran\u00e7ais : Le Rotary Club Luxembourg-Schuman se mobilise au profit de notre association avec son initiative solidaire Action Roses ! Cette ann\u00e9e, les fonds r\u00e9colt\u00e9s financeront l\u2019\u00e9dition d\u2019une &hellip; <p class=\"link-more\"><a href=\"https:\/\/survivant-e-s.lu\/en\/2026\/02\/09\/des-roses-pour-faire-entendre-la-voix-des-survivantes\/\" class=\"more-link\">Read more<span class=\"screen-reader-text\"> &#8220;Des roses pour faire entendre La Voix des Survivant(e)s&#8221;<\/span><\/a><\/p><\/div><\/li>\n<li><div class=\"wp-block-latest-posts__featured-image\"><img loading=\"lazy\" decoding=\"async\" width=\"300\" height=\"200\" src=\"https:\/\/survivant-e-s.lu\/wp-content\/uploads\/2025\/11\/ChristelPetitcollin-portrait-largeur-300x200.jpg\" class=\"attachment-medium size-medium wp-post-image\" alt=\"\" style=\"\" srcset=\"https:\/\/survivant-e-s.lu\/wp-content\/uploads\/2025\/11\/ChristelPetitcollin-portrait-largeur-300x200.jpg 300w, https:\/\/survivant-e-s.lu\/wp-content\/uploads\/2025\/11\/ChristelPetitcollin-portrait-largeur-1024x683.jpg 1024w, https:\/\/survivant-e-s.lu\/wp-content\/uploads\/2025\/11\/ChristelPetitcollin-portrait-largeur.jpg 1920w\" sizes=\"auto, 100vw\" \/><\/div><a class=\"wp-block-latest-posts__post-title\" href=\"https:\/\/survivant-e-s.lu\/en\/2025\/11\/12\/lvds-se-mobilise-pendant-lorange-week-2025\/\">LVDS se mobilise pendant l&#8217;ORANGE WEEK 2025<\/a><div class=\"wp-block-latest-posts__post-author\">by LVDS<\/div><time datetime=\"%2\" class=\"wp-block-latest-posts__post-date\">Wednesday November 12th, 2025<\/time><div class=\"wp-block-latest-posts__post-excerpt\">Sorry, this entry is only available in Fran\u00e7ais : A c\u00f4t\u00e9 de la grande Marche Orange de solidarit\u00e9 pour les victimes de violence, le samedi 22 novembre, l&#8217;association La Voix des Survivant(e)s vous propose de &hellip; <p class=\"link-more\"><a href=\"https:\/\/survivant-e-s.lu\/en\/2025\/11\/12\/lvds-se-mobilise-pendant-lorange-week-2025\/\" class=\"more-link\">Read more<span class=\"screen-reader-text\"> &#8220;LVDS se mobilise pendant l&#8217;ORANGE WEEK 2025&#8221;<\/span><\/a><\/p><\/div><\/li>\n<li><div class=\"wp-block-latest-posts__featured-image\"><img loading=\"lazy\" decoding=\"async\" width=\"300\" height=\"172\" src=\"https:\/\/survivant-e-s.lu\/wp-content\/uploads\/2024\/02\/36EF74D3-FC3A-4D3C-9978-748B7BE81726-300x172.jpeg\" class=\"attachment-medium size-medium wp-post-image\" alt=\"\" style=\"\" srcset=\"https:\/\/survivant-e-s.lu\/wp-content\/uploads\/2024\/02\/36EF74D3-FC3A-4D3C-9978-748B7BE81726-300x172.jpeg 300w, https:\/\/survivant-e-s.lu\/wp-content\/uploads\/2024\/02\/36EF74D3-FC3A-4D3C-9978-748B7BE81726-1024x587.jpeg 1024w, https:\/\/survivant-e-s.lu\/wp-content\/uploads\/2024\/02\/36EF74D3-FC3A-4D3C-9978-748B7BE81726.jpeg 1470w\" sizes=\"auto, 100vw\" \/><\/div><a class=\"wp-block-latest-posts__post-title\" href=\"https:\/\/survivant-e-s.lu\/en\/2025\/10\/13\/limpunite-des-auteurs-de-violences-et-le-manque-de-protection-des-victimes-restent-dactualite\/\">L&#8217;impunit\u00e9 des auteurs de violences et le manque de protection des victimes restent d\u2019actualit\u00e9<\/a><div class=\"wp-block-latest-posts__post-author\">by LVDS<\/div><time datetime=\"%2\" class=\"wp-block-latest-posts__post-date\">Monday October 13th, 2025<\/time><div class=\"wp-block-latest-posts__post-excerpt\">Sorry, this entry is only available in Fran\u00e7ais : Suite \u00e0 son intervention publique \u00e0 la Chambre des d\u00e9put\u00e9s le 2 juillet dernier, la Voix des Survivant(e)s veut alerter les pouvoirs publics\u00a0sur deux jugements probl\u00e9matiques &hellip; <p class=\"link-more\"><a href=\"https:\/\/survivant-e-s.lu\/en\/2025\/10\/13\/limpunite-des-auteurs-de-violences-et-le-manque-de-protection-des-victimes-restent-dactualite\/\" class=\"more-link\">Read more<span class=\"screen-reader-text\"> &#8220;L&#8217;impunit\u00e9 des auteurs de violences et le manque de protection des victimes restent d\u2019actualit\u00e9&#8221;<\/span><\/a><\/p><\/div><\/li>\n<li><div class=\"wp-block-latest-posts__featured-image\"><img loading=\"lazy\" decoding=\"async\" width=\"300\" height=\"249\" src=\"https:\/\/survivant-e-s.lu\/wp-content\/uploads\/2025\/09\/IMG_9536-300x249.jpeg\" class=\"attachment-medium size-medium wp-post-image\" alt=\"\" style=\"\" srcset=\"https:\/\/survivant-e-s.lu\/wp-content\/uploads\/2025\/09\/IMG_9536-300x249.jpeg 300w, https:\/\/survivant-e-s.lu\/wp-content\/uploads\/2025\/09\/IMG_9536-1024x850.jpeg 1024w, https:\/\/survivant-e-s.lu\/wp-content\/uploads\/2025\/09\/IMG_9536-2000x1659.jpeg 2000w\" sizes=\"auto, 100vw\" \/><\/div><a class=\"wp-block-latest-posts__post-title\" href=\"https:\/\/survivant-e-s.lu\/en\/2025\/09\/10\/lvds-contre-la-victimisation-secondaire-des-victimes-de-violences-sexuelles-physiques-et-psychiques\/\">LVDS s&#8217;engage contre la victimisation secondaire<\/a><div class=\"wp-block-latest-posts__post-author\">by LVDS<\/div><time datetime=\"%2\" class=\"wp-block-latest-posts__post-date\">Wednesday September 10th, 2025<\/time><div class=\"wp-block-latest-posts__post-excerpt\">Sorry, this entry is only available in Fran\u00e7ais : L\u2019association La Voix des Survivant(e)s \u00e9tait pr\u00e9sente, mercredi 10 septembre 2025, aux c\u00f4t\u00e9s de Maria S. au Tribunal de Luxembourg o\u00f9 elle a \u00e9t\u00e9 entendue en &hellip; <p class=\"link-more\"><a href=\"https:\/\/survivant-e-s.lu\/en\/2025\/09\/10\/lvds-contre-la-victimisation-secondaire-des-victimes-de-violences-sexuelles-physiques-et-psychiques\/\" class=\"more-link\">Read more<span class=\"screen-reader-text\"> &#8220;LVDS s&#8217;engage contre la victimisation secondaire&#8221;<\/span><\/a><\/p><\/div><\/li>\n<\/ul>\n\n\n<p class=\"has-text-align-center\"><a href=\"https:\/\/survivant-e-s.lu\/cat\/communiques\/\"><strong>View all releases<\/strong><\/a><\/p>\n\n\n\n<h4 class=\"wp-block-heading\">EVENTS<\/h4>\n\n\n\n\n\n\n\n<p class=\"has-text-align-center\"><a href=\"https:\/\/survivant-e-s.lu\/agenda\/\"><strong>View all the events<\/strong><\/a><\/p>\n\n\n\n<h4 class=\"wp-block-heading\">PRESS REVIEW<\/h4>\n\n\n\n<p class=\"has-text-align-center\"><a href=\"https:\/\/survivant-e-s.lu\/francais-revue-de-presse\/\" data-type=\"page\" data-id=\"440\"><strong>View the press review<\/strong><\/a><\/p>","protected":false},"excerpt":{"rendered":"<p>WHO ARE WE? The association was created in August 2022. It brings together survivors of sexual, gender-based, physical or psychological violence, as well as sympathetic members who support our cause. OUR ASSOCIATION IS WORKING TO: Find out more NEWS View all releases EVENTS View all the events PRESS REVIEW View the press review<\/p>\n","protected":false},"author":1,"featured_media":281,"parent":0,"menu_order":0,"comment_status":"closed","ping_status":"closed","template":"","meta":{"_exactmetrics_skip_tracking":false,"_exactmetrics_sitenote_active":false,"_exactmetrics_sitenote_note":"","_exactmetrics_sitenote_category":0,"inspiro_hide_title":false,"footnotes":""},"class_list":["post-7","page","type-page","status-publish","has-post-thumbnail","hentry"],"_links":{"self":[{"href":"https:\/\/survivant-e-s.lu\/en\/wp-json\/wp\/v2\/pages\/7","targetHints":{"allow":["GET"]}}],"collection":[{"href":"https:\/\/survivant-e-s.lu\/en\/wp-json\/wp\/v2\/pages"}],"about":[{"href":"https:\/\/survivant-e-s.lu\/en\/wp-json\/wp\/v2\/types\/page"}],"author":[{"embeddable":true,"href":"https:\/\/survivant-e-s.lu\/en\/wp-json\/wp\/v2\/users\/1"}],"replies":[{"embeddable":true,"href":"https:\/\/survivant-e-s.lu\/en\/wp-json\/wp\/v2\/comments?post=7"}],"version-history":[{"count":67,"href":"https:\/\/survivant-e-s.lu\/en\/wp-json\/wp\/v2\/pages\/7\/revisions"}],"predecessor-version":[{"id":1822,"href":"https:\/\/survivant-e-s.lu\/en\/wp-json\/wp\/v2\/pages\/7\/revisions\/1822"}],"wp:featuredmedia":[{"embeddable":true,"href":"https:\/\/survivant-e-s.lu\/en\/wp-json\/wp\/v2\/media\/281"}],"wp:attachment":[{"href":"https:\/\/survivant-e-s.lu\/en\/wp-json\/wp\/v2\/media?parent=7"}],"curies":[{"name":"wp","href":"https:\/\/api.w.org\/{rel}","templated":true}]}}